{"id":8568,"date":"2022-12-09T16:38:00","date_gmt":"2022-12-09T16:38:00","guid":{"rendered":"https:\/\/airadrenaline.fr\/boutique\/tandem-skydiving-photo-or-video\/"},"modified":"2025-04-23T21:21:46","modified_gmt":"2025-04-23T21:21:46","slug":"parachute-tandem-jump-photo-or-video","status":"publish","type":"product","link":"https:\/\/airadrenaline.fr\/en\/boutique\/parachute-tandem-jump-photo-or-video\/","title":{"rendered":"Tandem Skydiving &#8211; Photo or Video"},"content":{"rendered":"<p><strong>Mandatory:<\/strong><\/p>\n<p>On the day of the jump, you must provide a medical certificate stating that you are not fit to skydive. <a href=\"https:\/\/airadrenaline.fr\/wp-content\/uploads\/2023\/04\/certificat-medical-non-contre-indication.pdf\" target=\"_blank\" rel=\"noopener\"><i class=\"fa fa-download\" style=\"color: #4169a7; font-size: 16px;\" aria-hidden=\"true\"> <\/i> Download pdf.<\/a><\/p>\n","protected":false},"excerpt":{"rendered":"<p>Open&#8221; ticket valid for one year for a Tandem Parachute Jump.<\/p>\n<p>With this package, you will receive a video or a hundred souvenir photos of your jump.<\/p>\n<p>&nbsp;<\/p>\n<p style=\"font-weight: 400;\"><strong>Important information:<\/strong><\/p>\n<ul>\n<li style=\"font-weight: 400;\">Maximum dressed weight on the day of the jump: Men = 90kg, Women =80kg<\/li>\n<li style=\"font-weight: 400;\">From 15 years of age<\/li>\n<li style=\"font-weight: 400;\">With obligation of a medical certificate less than 6 months old<\/li>\n<li>\n<\/li>\n<\/ul>\n<p><strong>There is a wide choice of payment methods at the time of ordering:<\/strong><\/p>\n<ul>\n<li>Deposit of \u20ac60<\/li>\n<li>Payment at your own pace in 2, 3 or 4 monthly instalments<\/li>\n<li>In Full<\/li>\n<\/ul>\n","protected":false},"author":2,"featured_media":8636,"comment_status":"closed","ping_status":"closed","template":"","meta":{"_monsterinsights_skip_tracking":false,"_monsterinsights_sitenote_active":false,"_monsterinsights_sitenote_note":"","_monsterinsights_sitenote_category":0},"product_brand":[],"product_cat":[87],"product_tag":[],"class_list":{"0":"post-8568","1":"product","2":"type-product","3":"status-publish","4":"has-post-thumbnail","6":"product_cat-skydive-jump","8":"first","9":"instock","10":"taxable","11":"shipping-taxable","12":"purchasable","13":"product-type-variable"},"yoast_head":"<!-- This site is optimized with the Yoast SEO Premium plugin v26.4 (Yoast SEO v26.4) - https:\/\/yoast.com\/wordpress\/plugins\/seo\/ -->\n<title>Tandem Skydiving - Photo or Video - Air Adr\u00e9naline<\/title>\n<meta name=\"robots\" content=\"index, follow, max-snippet:-1, max-image-preview:large, max-video-preview:-1\" \/>\n<link rel=\"canonical\" href=\"https:\/\/airadrenaline.fr\/en\/boutique\/parachute-tandem-jump-photo-or-video\/\" \/>\n<meta property=\"og:locale\" content=\"en_US\" \/>\n<meta property=\"og:type\" content=\"article\" \/>\n<meta property=\"og:title\" content=\"Tandem Skydiving - Photo or Video\" \/>\n<meta property=\"og:description\" content=\"Open&quot; ticket valid for one year for a Tandem Parachute Jump. With this package, you will receive a video or a hundred souvenir photos of your jump. &nbsp; Important information:   Maximum dressed weight on the day of the jump: Men = 90kg, Women =80kg  From 15 years of age  With obligation of a medical certificate less than 6 months old   There is a wide choice of payment methods at the time of ordering:  Deposit of \u20ac60  Payment at your own pace in 2, 3 or 4 monthly instalments  In Full\" \/>\n<meta property=\"og:url\" content=\"https:\/\/airadrenaline.fr\/en\/boutique\/parachute-tandem-jump-photo-or-video\/\" \/>\n<meta property=\"og:site_name\" content=\"Air Adr\u00e9naline\" \/>\n<meta property=\"article:publisher\" content=\"https:\/\/www.facebook.com\/profile.php?id=100087983204837\" \/>\n<meta property=\"article:modified_time\" content=\"2025-04-23T21:21:46+00:00\" \/>\n<meta property=\"og:image\" content=\"https:\/\/airadrenaline.fr\/wp-content\/uploads\/2023\/03\/video-or-photo-formula-en.png\" \/>\n\t<meta property=\"og:image:width\" content=\"1200\" \/>\n\t<meta property=\"og:image:height\" content=\"1200\" \/>\n\t<meta property=\"og:image:type\" content=\"image\/png\" \/>\n<meta name=\"twitter:card\" content=\"summary_large_image\" \/>\n<meta name=\"twitter:label1\" content=\"Availability\" \/>\n\t<meta name=\"twitter:data1\" content=\"In stock\" \/>\n<script type=\"application\/ld+json\" class=\"yoast-schema-graph\">{\"@context\":\"https:\/\/schema.org\",\"@graph\":[{\"@type\":\"WebPage\",\"@id\":\"https:\/\/airadrenaline.fr\/en\/boutique\/parachute-tandem-jump-photo-or-video\/\",\"url\":\"https:\/\/airadrenaline.fr\/en\/boutique\/parachute-tandem-jump-photo-or-video\/\",\"name\":\"Tandem Skydiving - Photo or Video - Air Adr\u00e9naline\",\"isPartOf\":{\"@id\":\"https:\/\/airadrenaline.fr\/en\/#website\"},\"primaryImageOfPage\":{\"@id\":\"https:\/\/airadrenaline.fr\/en\/boutique\/parachute-tandem-jump-photo-or-video\/#primaryimage\"},\"image\":{\"@id\":\"https:\/\/airadrenaline.fr\/en\/boutique\/parachute-tandem-jump-photo-or-video\/#primaryimage\"},\"thumbnailUrl\":\"https:\/\/airadrenaline.fr\/wp-content\/uploads\/2023\/03\/video-or-photo-formula-en.png\",\"datePublished\":\"2022-12-09T16:38:00+00:00\",\"dateModified\":\"2025-04-23T21:21:46+00:00\",\"breadcrumb\":{\"@id\":\"https:\/\/airadrenaline.fr\/en\/boutique\/parachute-tandem-jump-photo-or-video\/#breadcrumb\"},\"inLanguage\":\"en-US\",\"potentialAction\":[{\"@type\":\"ReadAction\",\"target\":[\"https:\/\/airadrenaline.fr\/en\/boutique\/parachute-tandem-jump-photo-or-video\/\"]}]},{\"@type\":\"ImageObject\",\"inLanguage\":\"en-US\",\"@id\":\"https:\/\/airadrenaline.fr\/en\/boutique\/parachute-tandem-jump-photo-or-video\/#primaryimage\",\"url\":\"https:\/\/airadrenaline.fr\/wp-content\/uploads\/2023\/03\/video-or-photo-formula-en.png\",\"contentUrl\":\"https:\/\/airadrenaline.fr\/wp-content\/uploads\/2023\/03\/video-or-photo-formula-en.png\",\"width\":1200,\"height\":1200},{\"@type\":\"BreadcrumbList\",\"@id\":\"https:\/\/airadrenaline.fr\/en\/boutique\/parachute-tandem-jump-photo-or-video\/#breadcrumb\",\"itemListElement\":[{\"@type\":\"ListItem\",\"position\":1,\"name\":\"Accueil\",\"item\":\"https:\/\/airadrenaline.fr\/en\/\"},{\"@type\":\"ListItem\",\"position\":2,\"name\":\"Shop\",\"item\":\"https:\/\/airadrenaline.fr\/en\/shop\/\"},{\"@type\":\"ListItem\",\"position\":3,\"name\":\"Tandem Skydiving &#8211; Photo or Video\"}]},{\"@type\":\"WebSite\",\"@id\":\"https:\/\/airadrenaline.fr\/en\/#website\",\"url\":\"https:\/\/airadrenaline.fr\/en\/\",\"name\":\"Air Adr\u00e9naline\",\"description\":\"Saut Tandem en Parachute\",\"publisher\":{\"@id\":\"https:\/\/airadrenaline.fr\/en\/#organization\"},\"alternateName\":\"airadrenaline.fr\",\"potentialAction\":[{\"@type\":\"SearchAction\",\"target\":{\"@type\":\"EntryPoint\",\"urlTemplate\":\"https:\/\/airadrenaline.fr\/en\/?s={search_term_string}\"},\"query-input\":{\"@type\":\"PropertyValueSpecification\",\"valueRequired\":true,\"valueName\":\"search_term_string\"}}],\"inLanguage\":\"en-US\"},{\"@type\":[\"Organization\",\"Place\",\"SportsClub\"],\"@id\":\"https:\/\/airadrenaline.fr\/en\/#organization\",\"name\":\"Air Adr\u00e9naline\",\"alternateName\":\"Airadrenaline\",\"url\":\"https:\/\/airadrenaline.fr\/en\/\",\"logo\":{\"@id\":\"https:\/\/airadrenaline.fr\/en\/boutique\/parachute-tandem-jump-photo-or-video\/#local-main-organization-logo\"},\"image\":{\"@id\":\"https:\/\/airadrenaline.fr\/en\/boutique\/parachute-tandem-jump-photo-or-video\/#local-main-organization-logo\"},\"sameAs\":[\"https:\/\/www.facebook.com\/profile.php?id=100087983204837\"],\"description\":\"Centre de Parachutisme situ\u00e9 \u00e0 Tarbes, au pied des Pyr\u00e9n\u00e9es, proposant des bapt\u00eames de saut en parachute en tandem aux particuliers, professionnels, comit\u00e9s d'entreprises et associations. Centre dirig\u00e9 par un vice-champion de France de parachutisme de pr\u00e9cision, et instructeur militaire \u00e0 Pau. Diff\u00e9rentes formules possibles : saut sans option, saut avec option photos ou vid\u00e9o, saut avec option photos et vid\u00e9o. Pour toutes les occasions, les bons cadeaux pour un saut en parachute sont valables un an, et avec l'option extension, 6 mois suppl\u00e9mentaires.\",\"legalName\":\"Air Adr\u00e9naline - 15 M Parachutisme\",\"numberOfEmployees\":{\"@type\":\"QuantitativeValue\",\"minValue\":\"1\",\"maxValue\":\"10\"},\"publishingPrinciples\":\"https:\/\/airadrenaline.fr\/communication-preferences\/\",\"ownershipFundingInfo\":\"https:\/\/airadrenaline.fr\/mentions-legales\/\",\"actionableFeedbackPolicy\":\"https:\/\/airadrenaline.fr\/conditions-generales-de-vente\/\",\"correctionsPolicy\":\"https:\/\/airadrenaline.fr\/communication-preferences\/\",\"ethicsPolicy\":\"https:\/\/airadrenaline.fr\/politique-de-cookies-ue\/\",\"address\":{\"@id\":\"https:\/\/airadrenaline.fr\/en\/boutique\/parachute-tandem-jump-photo-or-video\/#local-main-place-address\"},\"telephone\":[\"0760212561\"],\"contactPoint\":{\"@type\":\"ContactPoint\",\"telephone\":\"0760212561\",\"email\":\"info@airadrenaline.fr\"},\"openingHoursSpecification\":{\"@type\":\"OpeningHoursSpecification\",\"dayOfWeek\":[\"Monday\",\"Tuesday\",\"Wednesday\",\"Thursday\",\"Friday\",\"Saturday\",\"Sunday\"],\"opens\":\"00:00\",\"closes\":\"23:59\"},\"email\":\"info@airadrenaline.fr\"},{\"@type\":\"PostalAddress\",\"@id\":\"https:\/\/airadrenaline.fr\/en\/boutique\/parachute-tandem-jump-photo-or-video\/#local-main-place-address\",\"streetAddress\":\"21 impasse de l'Aviation\",\"addressLocality\":\"TARBES\",\"postalCode\":\"65310\",\"addressCountry\":\"FR\"},{\"@type\":\"ImageObject\",\"inLanguage\":\"en-US\",\"@id\":\"https:\/\/airadrenaline.fr\/en\/boutique\/parachute-tandem-jump-photo-or-video\/#local-main-organization-logo\",\"url\":\"https:\/\/airadrenaline.fr\/wp-content\/uploads\/2022\/12\/cropped-favicon-airadrenaline.png\",\"contentUrl\":\"https:\/\/airadrenaline.fr\/wp-content\/uploads\/2022\/12\/cropped-favicon-airadrenaline.png\",\"width\":512,\"height\":512,\"caption\":\"Air Adr\u00e9naline\"}]}<\/script>\n<meta property=\"og:availability\" content=\"instock\" \/>\n<meta property=\"product:availability\" content=\"instock\" \/>\n<meta property=\"product:retailer_item_id\" content=\"saut-tandem-1\" \/>\n<meta property=\"product:condition\" content=\"new\" \/>\n<meta name=\"geo.placename\" content=\"TARBES\" \/>\n<meta name=\"geo.region\" content=\"France\" \/>\n<!-- \/ Yoast SEO Premium plugin. -->","yoast_head_json":{"title":"Tandem Skydiving - Photo or Video - Air Adr\u00e9naline","robots":{"index":"index","follow":"follow","max-snippet":"max-snippet:-1","max-image-preview":"max-image-preview:large","max-video-preview":"max-video-preview:-1"},"canonical":"https:\/\/airadrenaline.fr\/en\/boutique\/parachute-tandem-jump-photo-or-video\/","og_locale":"en_US","og_type":"article","og_title":"Tandem Skydiving - Photo or Video","og_description":"Open\" ticket valid for one year for a Tandem Parachute Jump. With this package, you will receive a video or a hundred souvenir photos of your jump. &nbsp; Important information:   Maximum dressed weight on the day of the jump: Men = 90kg, Women =80kg  From 15 years of age  With obligation of a medical certificate less than 6 months old   There is a wide choice of payment methods at the time of ordering:  Deposit of \u20ac60  Payment at your own pace in 2, 3 or 4 monthly instalments  In Full","og_url":"https:\/\/airadrenaline.fr\/en\/boutique\/parachute-tandem-jump-photo-or-video\/","og_site_name":"Air Adr\u00e9naline","article_publisher":"https:\/\/www.facebook.com\/profile.php?id=100087983204837","article_modified_time":"2025-04-23T21:21:46+00:00","og_image":[{"width":1200,"height":1200,"url":"https:\/\/airadrenaline.fr\/wp-content\/uploads\/2023\/03\/video-or-photo-formula-en.png","type":"image\/png"}],"twitter_card":"summary_large_image","twitter_misc":{"Availability":"In stock"},"schema":{"@context":"https:\/\/schema.org","@graph":[{"@type":"WebPage","@id":"https:\/\/airadrenaline.fr\/en\/boutique\/parachute-tandem-jump-photo-or-video\/","url":"https:\/\/airadrenaline.fr\/en\/boutique\/parachute-tandem-jump-photo-or-video\/","name":"Tandem Skydiving - Photo or Video - Air Adr\u00e9naline","isPartOf":{"@id":"https:\/\/airadrenaline.fr\/en\/#website"},"primaryImageOfPage":{"@id":"https:\/\/airadrenaline.fr\/en\/boutique\/parachute-tandem-jump-photo-or-video\/#primaryimage"},"image":{"@id":"https:\/\/airadrenaline.fr\/en\/boutique\/parachute-tandem-jump-photo-or-video\/#primaryimage"},"thumbnailUrl":"https:\/\/airadrenaline.fr\/wp-content\/uploads\/2023\/03\/video-or-photo-formula-en.png","datePublished":"2022-12-09T16:38:00+00:00","dateModified":"2025-04-23T21:21:46+00:00","breadcrumb":{"@id":"https:\/\/airadrenaline.fr\/en\/boutique\/parachute-tandem-jump-photo-or-video\/#breadcrumb"},"inLanguage":"en-US","potentialAction":[{"@type":"ReadAction","target":["https:\/\/airadrenaline.fr\/en\/boutique\/parachute-tandem-jump-photo-or-video\/"]}]},{"@type":"ImageObject","inLanguage":"en-US","@id":"https:\/\/airadrenaline.fr\/en\/boutique\/parachute-tandem-jump-photo-or-video\/#primaryimage","url":"https:\/\/airadrenaline.fr\/wp-content\/uploads\/2023\/03\/video-or-photo-formula-en.png","contentUrl":"https:\/\/airadrenaline.fr\/wp-content\/uploads\/2023\/03\/video-or-photo-formula-en.png","width":1200,"height":1200},{"@type":"BreadcrumbList","@id":"https:\/\/airadrenaline.fr\/en\/boutique\/parachute-tandem-jump-photo-or-video\/#breadcrumb","itemListElement":[{"@type":"ListItem","position":1,"name":"Accueil","item":"https:\/\/airadrenaline.fr\/en\/"},{"@type":"ListItem","position":2,"name":"Shop","item":"https:\/\/airadrenaline.fr\/en\/shop\/"},{"@type":"ListItem","position":3,"name":"Tandem Skydiving &#8211; Photo or Video"}]},{"@type":"WebSite","@id":"https:\/\/airadrenaline.fr\/en\/#website","url":"https:\/\/airadrenaline.fr\/en\/","name":"Air Adr\u00e9naline","description":"Saut Tandem en Parachute","publisher":{"@id":"https:\/\/airadrenaline.fr\/en\/#organization"},"alternateName":"airadrenaline.fr","potentialAction":[{"@type":"SearchAction","target":{"@type":"EntryPoint","urlTemplate":"https:\/\/airadrenaline.fr\/en\/?s={search_term_string}"},"query-input":{"@type":"PropertyValueSpecification","valueRequired":true,"valueName":"search_term_string"}}],"inLanguage":"en-US"},{"@type":["Organization","Place","SportsClub"],"@id":"https:\/\/airadrenaline.fr\/en\/#organization","name":"Air Adr\u00e9naline","alternateName":"Airadrenaline","url":"https:\/\/airadrenaline.fr\/en\/","logo":{"@id":"https:\/\/airadrenaline.fr\/en\/boutique\/parachute-tandem-jump-photo-or-video\/#local-main-organization-logo"},"image":{"@id":"https:\/\/airadrenaline.fr\/en\/boutique\/parachute-tandem-jump-photo-or-video\/#local-main-organization-logo"},"sameAs":["https:\/\/www.facebook.com\/profile.php?id=100087983204837"],"description":"Centre de Parachutisme situ\u00e9 \u00e0 Tarbes, au pied des Pyr\u00e9n\u00e9es, proposant des bapt\u00eames de saut en parachute en tandem aux particuliers, professionnels, comit\u00e9s d'entreprises et associations. Centre dirig\u00e9 par un vice-champion de France de parachutisme de pr\u00e9cision, et instructeur militaire \u00e0 Pau. Diff\u00e9rentes formules possibles : saut sans option, saut avec option photos ou vid\u00e9o, saut avec option photos et vid\u00e9o. Pour toutes les occasions, les bons cadeaux pour un saut en parachute sont valables un an, et avec l'option extension, 6 mois suppl\u00e9mentaires.","legalName":"Air Adr\u00e9naline - 15 M Parachutisme","numberOfEmployees":{"@type":"QuantitativeValue","minValue":"1","maxValue":"10"},"publishingPrinciples":"https:\/\/airadrenaline.fr\/communication-preferences\/","ownershipFundingInfo":"https:\/\/airadrenaline.fr\/mentions-legales\/","actionableFeedbackPolicy":"https:\/\/airadrenaline.fr\/conditions-generales-de-vente\/","correctionsPolicy":"https:\/\/airadrenaline.fr\/communication-preferences\/","ethicsPolicy":"https:\/\/airadrenaline.fr\/politique-de-cookies-ue\/","address":{"@id":"https:\/\/airadrenaline.fr\/en\/boutique\/parachute-tandem-jump-photo-or-video\/#local-main-place-address"},"telephone":["0760212561"],"contactPoint":{"@type":"ContactPoint","telephone":"0760212561","email":"info@airadrenaline.fr"},"openingHoursSpecification":{"@type":"OpeningHoursSpecification","dayOfWeek":["Monday","Tuesday","Wednesday","Thursday","Friday","Saturday","Sunday"],"opens":"00:00","closes":"23:59"},"email":"info@airadrenaline.fr"},{"@type":"PostalAddress","@id":"https:\/\/airadrenaline.fr\/en\/boutique\/parachute-tandem-jump-photo-or-video\/#local-main-place-address","streetAddress":"21 impasse de l'Aviation","addressLocality":"TARBES","postalCode":"65310","addressCountry":"FR"},{"@type":"ImageObject","inLanguage":"en-US","@id":"https:\/\/airadrenaline.fr\/en\/boutique\/parachute-tandem-jump-photo-or-video\/#local-main-organization-logo","url":"https:\/\/airadrenaline.fr\/wp-content\/uploads\/2022\/12\/cropped-favicon-airadrenaline.png","contentUrl":"https:\/\/airadrenaline.fr\/wp-content\/uploads\/2022\/12\/cropped-favicon-airadrenaline.png","width":512,"height":512,"caption":"Air Adr\u00e9naline"}]},"og_availability":"instock","product_availability":"instock","product_retailer_item_id":"saut-tandem-1","product_condition":"new","geo.placename":"TARBES","geo.region":"France"},"jetpack_sharing_enabled":true,"_links":{"self":[{"href":"https:\/\/airadrenaline.fr\/en\/wp-json\/wp\/v2\/product\/8568","targetHints":{"allow":["GET"]}}],"collection":[{"href":"https:\/\/airadrenaline.fr\/en\/wp-json\/wp\/v2\/product"}],"about":[{"href":"https:\/\/airadrenaline.fr\/en\/wp-json\/wp\/v2\/types\/product"}],"author":[{"embeddable":true,"href":"https:\/\/airadrenaline.fr\/en\/wp-json\/wp\/v2\/users\/2"}],"replies":[{"embeddable":true,"href":"https:\/\/airadrenaline.fr\/en\/wp-json\/wp\/v2\/comments?post=8568"}],"wp:featuredmedia":[{"embeddable":true,"href":"https:\/\/airadrenaline.fr\/en\/wp-json\/wp\/v2\/media\/8636"}],"wp:attachment":[{"href":"https:\/\/airadrenaline.fr\/en\/wp-json\/wp\/v2\/media?parent=8568"}],"wp:term":[{"taxonomy":"product_brand","embeddable":true,"href":"https:\/\/airadrenaline.fr\/en\/wp-json\/wp\/v2\/product_brand?post=8568"},{"taxonomy":"product_cat","embeddable":true,"href":"https:\/\/airadrenaline.fr\/en\/wp-json\/wp\/v2\/product_cat?post=8568"},{"taxonomy":"product_tag","embeddable":true,"href":"https:\/\/airadrenaline.fr\/en\/wp-json\/wp\/v2\/product_tag?post=8568"}],"curies":[{"name":"wp","href":"https:\/\/api.w.org\/{rel}","templated":true}]}}