{"id":8564,"date":"2022-12-11T13:21:13","date_gmt":"2022-12-11T13:21:13","guid":{"rendered":"https:\/\/airadrenaline.fr\/boutique\/tandem-skydiving-photo-and-video\/"},"modified":"2025-04-23T21:22:25","modified_gmt":"2025-04-23T21:22:25","slug":"jump-parachute-tandem-photo-and-video","status":"publish","type":"product","link":"https:\/\/airadrenaline.fr\/en\/boutique\/jump-parachute-tandem-photo-and-video\/","title":{"rendered":"Tandem Skydiving &#8211; Photo and Video"},"content":{"rendered":"<p><strong>Mandatory:<\/strong><\/p>\n<p>On the day of the jump, you must provide a medical certificate stating that you are not fit to skydive. <a href=\"https:\/\/airadrenaline.fr\/wp-content\/uploads\/2023\/04\/certificat-medical-non-contre-indication.pdf\" target=\"_blank\" rel=\"noopener\"><i class=\"fa fa-download\" style=\"color: #4169a7; font-size: 16px;\" aria-hidden=\"true\"> <\/i> Download pdf.<\/a><\/p>\n","protected":false},"excerpt":{"rendered":"<p>Open&#8221; ticket valid for one year for a Tandem Parachute Jump.<\/p>\n<p>With this package, you will receive a video and a hundred souvenir photos of your jump.<\/p>\n<p>&nbsp;<\/p>\n<p style=\"font-weight: 400;\"><strong>Important information:<\/strong><\/p>\n<ul>\n<li style=\"font-weight: 400;\">Maximum dressed weight on the day of the jump: Men = 90kg, Women =80kg<\/li>\n<li style=\"font-weight: 400;\">From 15 years of age<\/li>\n<li style=\"font-weight: 400;\">With obligation of a medical certificate less than 6 months old<\/li>\n<\/ul>\n<p>&nbsp;<\/p>\n<p><strong>There is a wide choice of payment methods at the time of ordering:<\/strong><\/p>\n<ul>\n<li>Deposit of \u20ac60<\/li>\n<li>Payment at your own pace in 2, 3 or 4 monthly instalments<\/li>\n<li>In Full<\/li>\n<\/ul>\n","protected":false},"author":2,"featured_media":8638,"comment_status":"closed","ping_status":"closed","template":"","meta":{"_monsterinsights_skip_tracking":false,"_monsterinsights_sitenote_active":false,"_monsterinsights_sitenote_note":"","_monsterinsights_sitenote_category":0},"product_brand":[],"product_cat":[87],"product_tag":[],"class_list":{"0":"post-8564","1":"product","2":"type-product","3":"status-publish","4":"has-post-thumbnail","6":"product_cat-skydive-jump","8":"first","9":"instock","10":"taxable","11":"shipping-taxable","12":"purchasable","13":"product-type-variable"},"yoast_head":"<!-- This site is optimized with the Yoast SEO Premium plugin v26.4 (Yoast SEO v26.4) - https:\/\/yoast.com\/wordpress\/plugins\/seo\/ -->\n<title>Tandem Skydiving - Photo and Video - Air Adr\u00e9naline<\/title>\n<meta name=\"description\" content=\"Take the plunge in Tarbes with Air Adr\u00e9naline! With this package, you will receive a video montage and photos for a maximum of souvenirs. Compulsory: Medical certificate + Weigh less than 95 kg (clothed) Valid for 1 year\" \/>\n<meta name=\"robots\" content=\"index, follow, max-snippet:-1, max-image-preview:large, max-video-preview:-1\" \/>\n<link rel=\"canonical\" href=\"https:\/\/airadrenaline.fr\/en\/boutique\/jump-parachute-tandem-photo-and-video\/\" \/>\n<meta property=\"og:locale\" content=\"en_US\" \/>\n<meta property=\"og:type\" content=\"article\" \/>\n<meta property=\"og:title\" content=\"Tandem Skydiving - Photo and Video\" \/>\n<meta property=\"og:description\" content=\"Take the plunge in Tarbes with Air Adr\u00e9naline! With this package, you will receive a video montage and photos for a maximum of souvenirs. Compulsory: Medical certificate + Weigh less than 95 kg (clothed) Valid for 1 year\" \/>\n<meta property=\"og:url\" content=\"https:\/\/airadrenaline.fr\/en\/boutique\/jump-parachute-tandem-photo-and-video\/\" \/>\n<meta property=\"og:site_name\" content=\"Air Adr\u00e9naline\" \/>\n<meta property=\"article:publisher\" content=\"https:\/\/www.facebook.com\/profile.php?id=100087983204837\" \/>\n<meta property=\"article:modified_time\" content=\"2025-04-23T21:22:25+00:00\" \/>\n<meta property=\"og:image\" content=\"https:\/\/airadrenaline.fr\/wp-content\/uploads\/2023\/03\/video-photo-tandem-formula-en.png\" \/>\n\t<meta property=\"og:image:width\" content=\"1200\" \/>\n\t<meta property=\"og:image:height\" content=\"1200\" \/>\n\t<meta property=\"og:image:type\" content=\"image\/png\" \/>\n<meta name=\"twitter:card\" content=\"summary_large_image\" \/>\n<meta name=\"twitter:label1\" content=\"Availability\" \/>\n\t<meta name=\"twitter:data1\" content=\"In stock\" \/>\n<script type=\"application\/ld+json\" class=\"yoast-schema-graph\">{\"@context\":\"https:\/\/schema.org\",\"@graph\":[{\"@type\":\"WebPage\",\"@id\":\"https:\/\/airadrenaline.fr\/en\/boutique\/jump-parachute-tandem-photo-and-video\/\",\"url\":\"https:\/\/airadrenaline.fr\/en\/boutique\/jump-parachute-tandem-photo-and-video\/\",\"name\":\"Tandem Skydiving - Photo and Video - Air Adr\u00e9naline\",\"isPartOf\":{\"@id\":\"https:\/\/airadrenaline.fr\/en\/#website\"},\"primaryImageOfPage\":{\"@id\":\"https:\/\/airadrenaline.fr\/en\/boutique\/jump-parachute-tandem-photo-and-video\/#primaryimage\"},\"image\":{\"@id\":\"https:\/\/airadrenaline.fr\/en\/boutique\/jump-parachute-tandem-photo-and-video\/#primaryimage\"},\"thumbnailUrl\":\"https:\/\/airadrenaline.fr\/wp-content\/uploads\/2023\/03\/video-photo-tandem-formula-en.png\",\"datePublished\":\"2022-12-11T13:21:13+00:00\",\"dateModified\":\"2025-04-23T21:22:25+00:00\",\"description\":\"Take the plunge in Tarbes with Air Adr\u00e9naline! With this package, you will receive a video montage and photos for a maximum of souvenirs. Compulsory: Medical certificate + Weigh less than 95 kg (clothed) Valid for 1 year\",\"breadcrumb\":{\"@id\":\"https:\/\/airadrenaline.fr\/en\/boutique\/jump-parachute-tandem-photo-and-video\/#breadcrumb\"},\"inLanguage\":\"en-US\",\"potentialAction\":[{\"@type\":\"ReadAction\",\"target\":[\"https:\/\/airadrenaline.fr\/en\/boutique\/jump-parachute-tandem-photo-and-video\/\"]}]},{\"@type\":\"ImageObject\",\"inLanguage\":\"en-US\",\"@id\":\"https:\/\/airadrenaline.fr\/en\/boutique\/jump-parachute-tandem-photo-and-video\/#primaryimage\",\"url\":\"https:\/\/airadrenaline.fr\/wp-content\/uploads\/2023\/03\/video-photo-tandem-formula-en.png\",\"contentUrl\":\"https:\/\/airadrenaline.fr\/wp-content\/uploads\/2023\/03\/video-photo-tandem-formula-en.png\",\"width\":1200,\"height\":1200},{\"@type\":\"BreadcrumbList\",\"@id\":\"https:\/\/airadrenaline.fr\/en\/boutique\/jump-parachute-tandem-photo-and-video\/#breadcrumb\",\"itemListElement\":[{\"@type\":\"ListItem\",\"position\":1,\"name\":\"Accueil\",\"item\":\"https:\/\/airadrenaline.fr\/en\/\"},{\"@type\":\"ListItem\",\"position\":2,\"name\":\"Shop\",\"item\":\"https:\/\/airadrenaline.fr\/en\/shop\/\"},{\"@type\":\"ListItem\",\"position\":3,\"name\":\"Tandem Skydiving &#8211; Photo and Video\"}]},{\"@type\":\"WebSite\",\"@id\":\"https:\/\/airadrenaline.fr\/en\/#website\",\"url\":\"https:\/\/airadrenaline.fr\/en\/\",\"name\":\"Air Adr\u00e9naline\",\"description\":\"Saut Tandem en Parachute\",\"publisher\":{\"@id\":\"https:\/\/airadrenaline.fr\/en\/#organization\"},\"alternateName\":\"airadrenaline.fr\",\"potentialAction\":[{\"@type\":\"SearchAction\",\"target\":{\"@type\":\"EntryPoint\",\"urlTemplate\":\"https:\/\/airadrenaline.fr\/en\/?s={search_term_string}\"},\"query-input\":{\"@type\":\"PropertyValueSpecification\",\"valueRequired\":true,\"valueName\":\"search_term_string\"}}],\"inLanguage\":\"en-US\"},{\"@type\":[\"Organization\",\"Place\",\"SportsClub\"],\"@id\":\"https:\/\/airadrenaline.fr\/en\/#organization\",\"name\":\"Air Adr\u00e9naline\",\"alternateName\":\"Airadrenaline\",\"url\":\"https:\/\/airadrenaline.fr\/en\/\",\"logo\":{\"@id\":\"https:\/\/airadrenaline.fr\/en\/boutique\/jump-parachute-tandem-photo-and-video\/#local-main-organization-logo\"},\"image\":{\"@id\":\"https:\/\/airadrenaline.fr\/en\/boutique\/jump-parachute-tandem-photo-and-video\/#local-main-organization-logo\"},\"sameAs\":[\"https:\/\/www.facebook.com\/profile.php?id=100087983204837\"],\"description\":\"Centre de Parachutisme situ\u00e9 \u00e0 Tarbes, au pied des Pyr\u00e9n\u00e9es, proposant des bapt\u00eames de saut en parachute en tandem aux particuliers, professionnels, comit\u00e9s d'entreprises et associations. Centre dirig\u00e9 par un vice-champion de France de parachutisme de pr\u00e9cision, et instructeur militaire \u00e0 Pau. Diff\u00e9rentes formules possibles : saut sans option, saut avec option photos ou vid\u00e9o, saut avec option photos et vid\u00e9o. Pour toutes les occasions, les bons cadeaux pour un saut en parachute sont valables un an, et avec l'option extension, 6 mois suppl\u00e9mentaires.\",\"legalName\":\"Air Adr\u00e9naline - 15 M Parachutisme\",\"numberOfEmployees\":{\"@type\":\"QuantitativeValue\",\"minValue\":\"1\",\"maxValue\":\"10\"},\"publishingPrinciples\":\"https:\/\/airadrenaline.fr\/communication-preferences\/\",\"ownershipFundingInfo\":\"https:\/\/airadrenaline.fr\/mentions-legales\/\",\"actionableFeedbackPolicy\":\"https:\/\/airadrenaline.fr\/conditions-generales-de-vente\/\",\"correctionsPolicy\":\"https:\/\/airadrenaline.fr\/communication-preferences\/\",\"ethicsPolicy\":\"https:\/\/airadrenaline.fr\/politique-de-cookies-ue\/\",\"address\":{\"@id\":\"https:\/\/airadrenaline.fr\/en\/boutique\/jump-parachute-tandem-photo-and-video\/#local-main-place-address\"},\"telephone\":[\"0760212561\"],\"contactPoint\":{\"@type\":\"ContactPoint\",\"telephone\":\"0760212561\",\"email\":\"info@airadrenaline.fr\"},\"openingHoursSpecification\":{\"@type\":\"OpeningHoursSpecification\",\"dayOfWeek\":[\"Monday\",\"Tuesday\",\"Wednesday\",\"Thursday\",\"Friday\",\"Saturday\",\"Sunday\"],\"opens\":\"00:00\",\"closes\":\"23:59\"},\"email\":\"info@airadrenaline.fr\"},{\"@type\":\"PostalAddress\",\"@id\":\"https:\/\/airadrenaline.fr\/en\/boutique\/jump-parachute-tandem-photo-and-video\/#local-main-place-address\",\"streetAddress\":\"21 impasse de l'Aviation\",\"addressLocality\":\"TARBES\",\"postalCode\":\"65310\",\"addressCountry\":\"FR\"},{\"@type\":\"ImageObject\",\"inLanguage\":\"en-US\",\"@id\":\"https:\/\/airadrenaline.fr\/en\/boutique\/jump-parachute-tandem-photo-and-video\/#local-main-organization-logo\",\"url\":\"https:\/\/airadrenaline.fr\/wp-content\/uploads\/2022\/12\/cropped-favicon-airadrenaline.png\",\"contentUrl\":\"https:\/\/airadrenaline.fr\/wp-content\/uploads\/2022\/12\/cropped-favicon-airadrenaline.png\",\"width\":512,\"height\":512,\"caption\":\"Air Adr\u00e9naline\"}]}<\/script>\n<meta property=\"og:availability\" content=\"instock\" \/>\n<meta property=\"product:availability\" content=\"instock\" \/>\n<meta property=\"product:retailer_item_id\" content=\"saut-tandem-photo-et-video\" \/>\n<meta property=\"product:condition\" content=\"new\" \/>\n<meta name=\"geo.placename\" content=\"TARBES\" \/>\n<meta name=\"geo.region\" content=\"France\" \/>\n<!-- \/ Yoast SEO Premium plugin. -->","yoast_head_json":{"title":"Tandem Skydiving - Photo and Video - Air Adr\u00e9naline","description":"Take the plunge in Tarbes with Air Adr\u00e9naline! With this package, you will receive a video montage and photos for a maximum of souvenirs. Compulsory: Medical certificate + Weigh less than 95 kg (clothed) Valid for 1 year","robots":{"index":"index","follow":"follow","max-snippet":"max-snippet:-1","max-image-preview":"max-image-preview:large","max-video-preview":"max-video-preview:-1"},"canonical":"https:\/\/airadrenaline.fr\/en\/boutique\/jump-parachute-tandem-photo-and-video\/","og_locale":"en_US","og_type":"article","og_title":"Tandem Skydiving - Photo and Video","og_description":"Take the plunge in Tarbes with Air Adr\u00e9naline! With this package, you will receive a video montage and photos for a maximum of souvenirs. Compulsory: Medical certificate + Weigh less than 95 kg (clothed) Valid for 1 year","og_url":"https:\/\/airadrenaline.fr\/en\/boutique\/jump-parachute-tandem-photo-and-video\/","og_site_name":"Air Adr\u00e9naline","article_publisher":"https:\/\/www.facebook.com\/profile.php?id=100087983204837","article_modified_time":"2025-04-23T21:22:25+00:00","og_image":[{"width":1200,"height":1200,"url":"https:\/\/airadrenaline.fr\/wp-content\/uploads\/2023\/03\/video-photo-tandem-formula-en.png","type":"image\/png"}],"twitter_card":"summary_large_image","twitter_misc":{"Availability":"In stock"},"schema":{"@context":"https:\/\/schema.org","@graph":[{"@type":"WebPage","@id":"https:\/\/airadrenaline.fr\/en\/boutique\/jump-parachute-tandem-photo-and-video\/","url":"https:\/\/airadrenaline.fr\/en\/boutique\/jump-parachute-tandem-photo-and-video\/","name":"Tandem Skydiving - Photo and Video - Air Adr\u00e9naline","isPartOf":{"@id":"https:\/\/airadrenaline.fr\/en\/#website"},"primaryImageOfPage":{"@id":"https:\/\/airadrenaline.fr\/en\/boutique\/jump-parachute-tandem-photo-and-video\/#primaryimage"},"image":{"@id":"https:\/\/airadrenaline.fr\/en\/boutique\/jump-parachute-tandem-photo-and-video\/#primaryimage"},"thumbnailUrl":"https:\/\/airadrenaline.fr\/wp-content\/uploads\/2023\/03\/video-photo-tandem-formula-en.png","datePublished":"2022-12-11T13:21:13+00:00","dateModified":"2025-04-23T21:22:25+00:00","description":"Take the plunge in Tarbes with Air Adr\u00e9naline! With this package, you will receive a video montage and photos for a maximum of souvenirs. Compulsory: Medical certificate + Weigh less than 95 kg (clothed) Valid for 1 year","breadcrumb":{"@id":"https:\/\/airadrenaline.fr\/en\/boutique\/jump-parachute-tandem-photo-and-video\/#breadcrumb"},"inLanguage":"en-US","potentialAction":[{"@type":"ReadAction","target":["https:\/\/airadrenaline.fr\/en\/boutique\/jump-parachute-tandem-photo-and-video\/"]}]},{"@type":"ImageObject","inLanguage":"en-US","@id":"https:\/\/airadrenaline.fr\/en\/boutique\/jump-parachute-tandem-photo-and-video\/#primaryimage","url":"https:\/\/airadrenaline.fr\/wp-content\/uploads\/2023\/03\/video-photo-tandem-formula-en.png","contentUrl":"https:\/\/airadrenaline.fr\/wp-content\/uploads\/2023\/03\/video-photo-tandem-formula-en.png","width":1200,"height":1200},{"@type":"BreadcrumbList","@id":"https:\/\/airadrenaline.fr\/en\/boutique\/jump-parachute-tandem-photo-and-video\/#breadcrumb","itemListElement":[{"@type":"ListItem","position":1,"name":"Accueil","item":"https:\/\/airadrenaline.fr\/en\/"},{"@type":"ListItem","position":2,"name":"Shop","item":"https:\/\/airadrenaline.fr\/en\/shop\/"},{"@type":"ListItem","position":3,"name":"Tandem Skydiving &#8211; Photo and Video"}]},{"@type":"WebSite","@id":"https:\/\/airadrenaline.fr\/en\/#website","url":"https:\/\/airadrenaline.fr\/en\/","name":"Air Adr\u00e9naline","description":"Saut Tandem en Parachute","publisher":{"@id":"https:\/\/airadrenaline.fr\/en\/#organization"},"alternateName":"airadrenaline.fr","potentialAction":[{"@type":"SearchAction","target":{"@type":"EntryPoint","urlTemplate":"https:\/\/airadrenaline.fr\/en\/?s={search_term_string}"},"query-input":{"@type":"PropertyValueSpecification","valueRequired":true,"valueName":"search_term_string"}}],"inLanguage":"en-US"},{"@type":["Organization","Place","SportsClub"],"@id":"https:\/\/airadrenaline.fr\/en\/#organization","name":"Air Adr\u00e9naline","alternateName":"Airadrenaline","url":"https:\/\/airadrenaline.fr\/en\/","logo":{"@id":"https:\/\/airadrenaline.fr\/en\/boutique\/jump-parachute-tandem-photo-and-video\/#local-main-organization-logo"},"image":{"@id":"https:\/\/airadrenaline.fr\/en\/boutique\/jump-parachute-tandem-photo-and-video\/#local-main-organization-logo"},"sameAs":["https:\/\/www.facebook.com\/profile.php?id=100087983204837"],"description":"Centre de Parachutisme situ\u00e9 \u00e0 Tarbes, au pied des Pyr\u00e9n\u00e9es, proposant des bapt\u00eames de saut en parachute en tandem aux particuliers, professionnels, comit\u00e9s d'entreprises et associations. Centre dirig\u00e9 par un vice-champion de France de parachutisme de pr\u00e9cision, et instructeur militaire \u00e0 Pau. Diff\u00e9rentes formules possibles : saut sans option, saut avec option photos ou vid\u00e9o, saut avec option photos et vid\u00e9o. Pour toutes les occasions, les bons cadeaux pour un saut en parachute sont valables un an, et avec l'option extension, 6 mois suppl\u00e9mentaires.","legalName":"Air Adr\u00e9naline - 15 M Parachutisme","numberOfEmployees":{"@type":"QuantitativeValue","minValue":"1","maxValue":"10"},"publishingPrinciples":"https:\/\/airadrenaline.fr\/communication-preferences\/","ownershipFundingInfo":"https:\/\/airadrenaline.fr\/mentions-legales\/","actionableFeedbackPolicy":"https:\/\/airadrenaline.fr\/conditions-generales-de-vente\/","correctionsPolicy":"https:\/\/airadrenaline.fr\/communication-preferences\/","ethicsPolicy":"https:\/\/airadrenaline.fr\/politique-de-cookies-ue\/","address":{"@id":"https:\/\/airadrenaline.fr\/en\/boutique\/jump-parachute-tandem-photo-and-video\/#local-main-place-address"},"telephone":["0760212561"],"contactPoint":{"@type":"ContactPoint","telephone":"0760212561","email":"info@airadrenaline.fr"},"openingHoursSpecification":{"@type":"OpeningHoursSpecification","dayOfWeek":["Monday","Tuesday","Wednesday","Thursday","Friday","Saturday","Sunday"],"opens":"00:00","closes":"23:59"},"email":"info@airadrenaline.fr"},{"@type":"PostalAddress","@id":"https:\/\/airadrenaline.fr\/en\/boutique\/jump-parachute-tandem-photo-and-video\/#local-main-place-address","streetAddress":"21 impasse de l'Aviation","addressLocality":"TARBES","postalCode":"65310","addressCountry":"FR"},{"@type":"ImageObject","inLanguage":"en-US","@id":"https:\/\/airadrenaline.fr\/en\/boutique\/jump-parachute-tandem-photo-and-video\/#local-main-organization-logo","url":"https:\/\/airadrenaline.fr\/wp-content\/uploads\/2022\/12\/cropped-favicon-airadrenaline.png","contentUrl":"https:\/\/airadrenaline.fr\/wp-content\/uploads\/2022\/12\/cropped-favicon-airadrenaline.png","width":512,"height":512,"caption":"Air Adr\u00e9naline"}]},"og_availability":"instock","product_availability":"instock","product_retailer_item_id":"saut-tandem-photo-et-video","product_condition":"new","geo.placename":"TARBES","geo.region":"France"},"jetpack_sharing_enabled":true,"_links":{"self":[{"href":"https:\/\/airadrenaline.fr\/en\/wp-json\/wp\/v2\/product\/8564","targetHints":{"allow":["GET"]}}],"collection":[{"href":"https:\/\/airadrenaline.fr\/en\/wp-json\/wp\/v2\/product"}],"about":[{"href":"https:\/\/airadrenaline.fr\/en\/wp-json\/wp\/v2\/types\/product"}],"author":[{"embeddable":true,"href":"https:\/\/airadrenaline.fr\/en\/wp-json\/wp\/v2\/users\/2"}],"replies":[{"embeddable":true,"href":"https:\/\/airadrenaline.fr\/en\/wp-json\/wp\/v2\/comments?post=8564"}],"wp:featuredmedia":[{"embeddable":true,"href":"https:\/\/airadrenaline.fr\/en\/wp-json\/wp\/v2\/media\/8638"}],"wp:attachment":[{"href":"https:\/\/airadrenaline.fr\/en\/wp-json\/wp\/v2\/media?parent=8564"}],"wp:term":[{"taxonomy":"product_brand","embeddable":true,"href":"https:\/\/airadrenaline.fr\/en\/wp-json\/wp\/v2\/product_brand?post=8564"},{"taxonomy":"product_cat","embeddable":true,"href":"https:\/\/airadrenaline.fr\/en\/wp-json\/wp\/v2\/product_cat?post=8564"},{"taxonomy":"product_tag","embeddable":true,"href":"https:\/\/airadrenaline.fr\/en\/wp-json\/wp\/v2\/product_tag?post=8564"}],"curies":[{"name":"wp","href":"https:\/\/api.w.org\/{rel}","templated":true}]}}