{"id":8561,"date":"2022-12-13T16:51:48","date_gmt":"2022-12-13T16:51:48","guid":{"rendered":"https:\/\/airadrenaline.fr\/boutique\/souvenirs-of-the-jump-video\/"},"modified":"2023-03-08T09:58:42","modified_gmt":"2023-03-08T09:58:42","slug":"souvenirs-of-the-jump-video","status":"publish","type":"product","link":"https:\/\/airadrenaline.fr\/en\/boutique\/souvenirs-of-the-jump-video\/","title":{"rendered":"Souvenirs of the Jump &#8211; VID\u00c9O"},"content":{"rendered":"","protected":false},"excerpt":{"rendered":"<p>Would you like to have a record of your unforgettable jump?<\/p>\n<p>With this VIDEO pack, you will receive an HD video report of your jump via a WE TRANSFER link.<\/p>\n<p>&nbsp;<\/p>\n<p>N&#8217;oubliez pas de remplir les informations qui nous permettent de vous identifier :<\/p>\n<ul>\n<li>If purchased before the jump: First name, Gift Certificate number<\/li>\n<li>If purchased after the jump: First name, Gift Voucher number or, failing that, the date of the jump.<\/li>\n<\/ul>\n","protected":false},"author":2,"featured_media":8701,"comment_status":"closed","ping_status":"closed","template":"","meta":{"_monsterinsights_skip_tracking":false,"_monsterinsights_sitenote_active":false,"_monsterinsights_sitenote_note":"","_monsterinsights_sitenote_category":0},"product_brand":[],"product_cat":[],"product_tag":[],"class_list":{"0":"post-8561","1":"product","2":"type-product","3":"status-publish","4":"has-post-thumbnail","7":"first","8":"instock","9":"virtual","10":"taxable","11":"purchasable","12":"product-type-simple"},"yoast_head":"<!-- This site is optimized with the Yoast SEO Premium plugin v26.4 (Yoast SEO v26.4) - https:\/\/yoast.com\/wordpress\/plugins\/seo\/ -->\n<title>Souvenirs of the Jump - VID\u00c9O - Air Adr\u00e9naline<\/title>\n<meta name=\"robots\" content=\"index, follow, max-snippet:-1, max-image-preview:large, max-video-preview:-1\" \/>\n<link rel=\"canonical\" href=\"https:\/\/airadrenaline.fr\/en\/boutique\/souvenirs-of-the-jump-video\/\" \/>\n<meta property=\"og:locale\" content=\"en_US\" \/>\n<meta property=\"og:type\" content=\"article\" \/>\n<meta property=\"og:title\" content=\"Souvenirs of the Jump - VID\u00c9O\" \/>\n<meta property=\"og:description\" content=\"Would you like to have a record of your unforgettable jump?  With this VIDEO pack, you will receive an HD video report of your jump via a WE TRANSFER link.  &nbsp;  N&#039;oubliez pas de remplir les informations qui nous permettent de vous identifier :   If purchased before the jump: First name, Gift Certificate number  If purchased after the jump: First name, Gift Voucher number or, failing that, the date of the jump.\" \/>\n<meta property=\"og:url\" content=\"https:\/\/airadrenaline.fr\/en\/boutique\/souvenirs-of-the-jump-video\/\" \/>\n<meta property=\"og:site_name\" content=\"Air Adr\u00e9naline\" \/>\n<meta property=\"article:publisher\" content=\"https:\/\/www.facebook.com\/profile.php?id=100087983204837\" \/>\n<meta property=\"article:modified_time\" content=\"2023-03-08T09:58:42+00:00\" \/>\n<meta property=\"og:image\" content=\"https:\/\/airadrenaline.fr\/wp-content\/uploads\/2022\/12\/souvenirs-of-the-jump_video.gif\" \/>\n\t<meta property=\"og:image:width\" content=\"612\" \/>\n\t<meta property=\"og:image:height\" content=\"612\" \/>\n\t<meta property=\"og:image:type\" content=\"image\/gif\" \/>\n<meta name=\"twitter:card\" content=\"summary_large_image\" \/>\n<meta name=\"twitter:label1\" content=\"Price\" \/>\n\t<meta name=\"twitter:data1\" content=\"95,00&nbsp;&euro; TTC\" \/>\n\t<meta name=\"twitter:label2\" content=\"Availability\" \/>\n\t<meta name=\"twitter:data2\" content=\"In stock\" \/>\n<script type=\"application\/ld+json\" class=\"yoast-schema-graph\">{\"@context\":\"https:\/\/schema.org\",\"@graph\":[{\"@type\":\"WebPage\",\"@id\":\"https:\/\/airadrenaline.fr\/en\/boutique\/souvenirs-of-the-jump-video\/\",\"url\":\"https:\/\/airadrenaline.fr\/en\/boutique\/souvenirs-of-the-jump-video\/\",\"name\":\"Souvenirs of the Jump - VID\u00c9O - Air Adr\u00e9naline\",\"isPartOf\":{\"@id\":\"https:\/\/airadrenaline.fr\/en\/#website\"},\"primaryImageOfPage\":{\"@id\":\"https:\/\/airadrenaline.fr\/en\/boutique\/souvenirs-of-the-jump-video\/#primaryimage\"},\"image\":{\"@id\":\"https:\/\/airadrenaline.fr\/en\/boutique\/souvenirs-of-the-jump-video\/#primaryimage\"},\"thumbnailUrl\":\"https:\/\/airadrenaline.fr\/wp-content\/uploads\/2022\/12\/souvenirs-of-the-jump_video.gif\",\"datePublished\":\"2022-12-13T16:51:48+00:00\",\"dateModified\":\"2023-03-08T09:58:42+00:00\",\"breadcrumb\":{\"@id\":\"https:\/\/airadrenaline.fr\/en\/boutique\/souvenirs-of-the-jump-video\/#breadcrumb\"},\"inLanguage\":\"en-US\",\"potentialAction\":[{\"@type\":\"ReadAction\",\"target\":[\"https:\/\/airadrenaline.fr\/en\/boutique\/souvenirs-of-the-jump-video\/\"]}]},{\"@type\":\"ImageObject\",\"inLanguage\":\"en-US\",\"@id\":\"https:\/\/airadrenaline.fr\/en\/boutique\/souvenirs-of-the-jump-video\/#primaryimage\",\"url\":\"https:\/\/airadrenaline.fr\/wp-content\/uploads\/2022\/12\/souvenirs-of-the-jump_video.gif\",\"contentUrl\":\"https:\/\/airadrenaline.fr\/wp-content\/uploads\/2022\/12\/souvenirs-of-the-jump_video.gif\",\"width\":612,\"height\":612},{\"@type\":\"BreadcrumbList\",\"@id\":\"https:\/\/airadrenaline.fr\/en\/boutique\/souvenirs-of-the-jump-video\/#breadcrumb\",\"itemListElement\":[{\"@type\":\"ListItem\",\"position\":1,\"name\":\"Accueil\",\"item\":\"https:\/\/airadrenaline.fr\/en\/\"},{\"@type\":\"ListItem\",\"position\":2,\"name\":\"Shop\",\"item\":\"https:\/\/airadrenaline.fr\/en\/shop\/\"},{\"@type\":\"ListItem\",\"position\":3,\"name\":\"Souvenirs of the Jump &#8211; VID\u00c9O\"}]},{\"@type\":\"WebSite\",\"@id\":\"https:\/\/airadrenaline.fr\/en\/#website\",\"url\":\"https:\/\/airadrenaline.fr\/en\/\",\"name\":\"Air Adr\u00e9naline\",\"description\":\"Saut Tandem en Parachute\",\"publisher\":{\"@id\":\"https:\/\/airadrenaline.fr\/en\/#organization\"},\"alternateName\":\"airadrenaline.fr\",\"potentialAction\":[{\"@type\":\"SearchAction\",\"target\":{\"@type\":\"EntryPoint\",\"urlTemplate\":\"https:\/\/airadrenaline.fr\/en\/?s={search_term_string}\"},\"query-input\":{\"@type\":\"PropertyValueSpecification\",\"valueRequired\":true,\"valueName\":\"search_term_string\"}}],\"inLanguage\":\"en-US\"},{\"@type\":[\"Organization\",\"Place\",\"SportsClub\"],\"@id\":\"https:\/\/airadrenaline.fr\/en\/#organization\",\"name\":\"Air Adr\u00e9naline\",\"alternateName\":\"Airadrenaline\",\"url\":\"https:\/\/airadrenaline.fr\/en\/\",\"logo\":{\"@id\":\"https:\/\/airadrenaline.fr\/en\/boutique\/souvenirs-of-the-jump-video\/#local-main-organization-logo\"},\"image\":{\"@id\":\"https:\/\/airadrenaline.fr\/en\/boutique\/souvenirs-of-the-jump-video\/#local-main-organization-logo\"},\"sameAs\":[\"https:\/\/www.facebook.com\/profile.php?id=100087983204837\"],\"description\":\"Centre de Parachutisme situ\u00e9 \u00e0 Tarbes, au pied des Pyr\u00e9n\u00e9es, proposant des bapt\u00eames de saut en parachute en tandem aux particuliers, professionnels, comit\u00e9s d'entreprises et associations. Centre dirig\u00e9 par un vice-champion de France de parachutisme de pr\u00e9cision, et instructeur militaire \u00e0 Pau. Diff\u00e9rentes formules possibles : saut sans option, saut avec option photos ou vid\u00e9o, saut avec option photos et vid\u00e9o. Pour toutes les occasions, les bons cadeaux pour un saut en parachute sont valables un an, et avec l'option extension, 6 mois suppl\u00e9mentaires.\",\"legalName\":\"Air Adr\u00e9naline - 15 M Parachutisme\",\"numberOfEmployees\":{\"@type\":\"QuantitativeValue\",\"minValue\":\"1\",\"maxValue\":\"10\"},\"publishingPrinciples\":\"https:\/\/airadrenaline.fr\/communication-preferences\/\",\"ownershipFundingInfo\":\"https:\/\/airadrenaline.fr\/mentions-legales\/\",\"actionableFeedbackPolicy\":\"https:\/\/airadrenaline.fr\/conditions-generales-de-vente\/\",\"correctionsPolicy\":\"https:\/\/airadrenaline.fr\/communication-preferences\/\",\"ethicsPolicy\":\"https:\/\/airadrenaline.fr\/politique-de-cookies-ue\/\",\"address\":{\"@id\":\"https:\/\/airadrenaline.fr\/en\/boutique\/souvenirs-of-the-jump-video\/#local-main-place-address\"},\"telephone\":[\"0760212561\"],\"contactPoint\":{\"@type\":\"ContactPoint\",\"telephone\":\"0760212561\",\"email\":\"info@airadrenaline.fr\"},\"openingHoursSpecification\":{\"@type\":\"OpeningHoursSpecification\",\"dayOfWeek\":[\"Monday\",\"Tuesday\",\"Wednesday\",\"Thursday\",\"Friday\",\"Saturday\",\"Sunday\"],\"opens\":\"00:00\",\"closes\":\"23:59\"},\"email\":\"info@airadrenaline.fr\"},{\"@type\":\"PostalAddress\",\"@id\":\"https:\/\/airadrenaline.fr\/en\/boutique\/souvenirs-of-the-jump-video\/#local-main-place-address\",\"streetAddress\":\"21 impasse de l'Aviation\",\"addressLocality\":\"TARBES\",\"postalCode\":\"65310\",\"addressCountry\":\"FR\"},{\"@type\":\"ImageObject\",\"inLanguage\":\"en-US\",\"@id\":\"https:\/\/airadrenaline.fr\/en\/boutique\/souvenirs-of-the-jump-video\/#local-main-organization-logo\",\"url\":\"https:\/\/airadrenaline.fr\/wp-content\/uploads\/2022\/12\/cropped-favicon-airadrenaline.png\",\"contentUrl\":\"https:\/\/airadrenaline.fr\/wp-content\/uploads\/2022\/12\/cropped-favicon-airadrenaline.png\",\"width\":512,\"height\":512,\"caption\":\"Air Adr\u00e9naline\"}]}<\/script>\n<meta property=\"product:price:amount\" content=\"95.00\" \/>\n<meta property=\"product:price:currency\" content=\"EUR\" \/>\n<meta property=\"og:availability\" content=\"instock\" \/>\n<meta property=\"product:availability\" content=\"instock\" \/>\n<meta property=\"product:retailer_item_id\" content=\"souvenirs-saut-video\" \/>\n<meta property=\"product:condition\" content=\"new\" \/>\n<meta name=\"geo.placename\" content=\"TARBES\" \/>\n<meta name=\"geo.region\" content=\"France\" \/>\n<!-- \/ Yoast SEO Premium plugin. -->","yoast_head_json":{"title":"Souvenirs of the Jump - VID\u00c9O - Air Adr\u00e9naline","robots":{"index":"index","follow":"follow","max-snippet":"max-snippet:-1","max-image-preview":"max-image-preview:large","max-video-preview":"max-video-preview:-1"},"canonical":"https:\/\/airadrenaline.fr\/en\/boutique\/souvenirs-of-the-jump-video\/","og_locale":"en_US","og_type":"article","og_title":"Souvenirs of the Jump - VID\u00c9O","og_description":"Would you like to have a record of your unforgettable jump?  With this VIDEO pack, you will receive an HD video report of your jump via a WE TRANSFER link.  &nbsp;  N'oubliez pas de remplir les informations qui nous permettent de vous identifier :   If purchased before the jump: First name, Gift Certificate number  If purchased after the jump: First name, Gift Voucher number or, failing that, the date of the jump.","og_url":"https:\/\/airadrenaline.fr\/en\/boutique\/souvenirs-of-the-jump-video\/","og_site_name":"Air Adr\u00e9naline","article_publisher":"https:\/\/www.facebook.com\/profile.php?id=100087983204837","article_modified_time":"2023-03-08T09:58:42+00:00","og_image":[{"width":612,"height":612,"url":"https:\/\/airadrenaline.fr\/wp-content\/uploads\/2022\/12\/souvenirs-of-the-jump_video.gif","type":"image\/gif"}],"twitter_card":"summary_large_image","twitter_misc":{"Price":"95,00&nbsp;&euro; TTC","Availability":"In stock"},"schema":{"@context":"https:\/\/schema.org","@graph":[{"@type":"WebPage","@id":"https:\/\/airadrenaline.fr\/en\/boutique\/souvenirs-of-the-jump-video\/","url":"https:\/\/airadrenaline.fr\/en\/boutique\/souvenirs-of-the-jump-video\/","name":"Souvenirs of the Jump - VID\u00c9O - Air Adr\u00e9naline","isPartOf":{"@id":"https:\/\/airadrenaline.fr\/en\/#website"},"primaryImageOfPage":{"@id":"https:\/\/airadrenaline.fr\/en\/boutique\/souvenirs-of-the-jump-video\/#primaryimage"},"image":{"@id":"https:\/\/airadrenaline.fr\/en\/boutique\/souvenirs-of-the-jump-video\/#primaryimage"},"thumbnailUrl":"https:\/\/airadrenaline.fr\/wp-content\/uploads\/2022\/12\/souvenirs-of-the-jump_video.gif","datePublished":"2022-12-13T16:51:48+00:00","dateModified":"2023-03-08T09:58:42+00:00","breadcrumb":{"@id":"https:\/\/airadrenaline.fr\/en\/boutique\/souvenirs-of-the-jump-video\/#breadcrumb"},"inLanguage":"en-US","potentialAction":[{"@type":"ReadAction","target":["https:\/\/airadrenaline.fr\/en\/boutique\/souvenirs-of-the-jump-video\/"]}]},{"@type":"ImageObject","inLanguage":"en-US","@id":"https:\/\/airadrenaline.fr\/en\/boutique\/souvenirs-of-the-jump-video\/#primaryimage","url":"https:\/\/airadrenaline.fr\/wp-content\/uploads\/2022\/12\/souvenirs-of-the-jump_video.gif","contentUrl":"https:\/\/airadrenaline.fr\/wp-content\/uploads\/2022\/12\/souvenirs-of-the-jump_video.gif","width":612,"height":612},{"@type":"BreadcrumbList","@id":"https:\/\/airadrenaline.fr\/en\/boutique\/souvenirs-of-the-jump-video\/#breadcrumb","itemListElement":[{"@type":"ListItem","position":1,"name":"Accueil","item":"https:\/\/airadrenaline.fr\/en\/"},{"@type":"ListItem","position":2,"name":"Shop","item":"https:\/\/airadrenaline.fr\/en\/shop\/"},{"@type":"ListItem","position":3,"name":"Souvenirs of the Jump &#8211; VID\u00c9O"}]},{"@type":"WebSite","@id":"https:\/\/airadrenaline.fr\/en\/#website","url":"https:\/\/airadrenaline.fr\/en\/","name":"Air Adr\u00e9naline","description":"Saut Tandem en Parachute","publisher":{"@id":"https:\/\/airadrenaline.fr\/en\/#organization"},"alternateName":"airadrenaline.fr","potentialAction":[{"@type":"SearchAction","target":{"@type":"EntryPoint","urlTemplate":"https:\/\/airadrenaline.fr\/en\/?s={search_term_string}"},"query-input":{"@type":"PropertyValueSpecification","valueRequired":true,"valueName":"search_term_string"}}],"inLanguage":"en-US"},{"@type":["Organization","Place","SportsClub"],"@id":"https:\/\/airadrenaline.fr\/en\/#organization","name":"Air Adr\u00e9naline","alternateName":"Airadrenaline","url":"https:\/\/airadrenaline.fr\/en\/","logo":{"@id":"https:\/\/airadrenaline.fr\/en\/boutique\/souvenirs-of-the-jump-video\/#local-main-organization-logo"},"image":{"@id":"https:\/\/airadrenaline.fr\/en\/boutique\/souvenirs-of-the-jump-video\/#local-main-organization-logo"},"sameAs":["https:\/\/www.facebook.com\/profile.php?id=100087983204837"],"description":"Centre de Parachutisme situ\u00e9 \u00e0 Tarbes, au pied des Pyr\u00e9n\u00e9es, proposant des bapt\u00eames de saut en parachute en tandem aux particuliers, professionnels, comit\u00e9s d'entreprises et associations. Centre dirig\u00e9 par un vice-champion de France de parachutisme de pr\u00e9cision, et instructeur militaire \u00e0 Pau. Diff\u00e9rentes formules possibles : saut sans option, saut avec option photos ou vid\u00e9o, saut avec option photos et vid\u00e9o. Pour toutes les occasions, les bons cadeaux pour un saut en parachute sont valables un an, et avec l'option extension, 6 mois suppl\u00e9mentaires.","legalName":"Air Adr\u00e9naline - 15 M Parachutisme","numberOfEmployees":{"@type":"QuantitativeValue","minValue":"1","maxValue":"10"},"publishingPrinciples":"https:\/\/airadrenaline.fr\/communication-preferences\/","ownershipFundingInfo":"https:\/\/airadrenaline.fr\/mentions-legales\/","actionableFeedbackPolicy":"https:\/\/airadrenaline.fr\/conditions-generales-de-vente\/","correctionsPolicy":"https:\/\/airadrenaline.fr\/communication-preferences\/","ethicsPolicy":"https:\/\/airadrenaline.fr\/politique-de-cookies-ue\/","address":{"@id":"https:\/\/airadrenaline.fr\/en\/boutique\/souvenirs-of-the-jump-video\/#local-main-place-address"},"telephone":["0760212561"],"contactPoint":{"@type":"ContactPoint","telephone":"0760212561","email":"info@airadrenaline.fr"},"openingHoursSpecification":{"@type":"OpeningHoursSpecification","dayOfWeek":["Monday","Tuesday","Wednesday","Thursday","Friday","Saturday","Sunday"],"opens":"00:00","closes":"23:59"},"email":"info@airadrenaline.fr"},{"@type":"PostalAddress","@id":"https:\/\/airadrenaline.fr\/en\/boutique\/souvenirs-of-the-jump-video\/#local-main-place-address","streetAddress":"21 impasse de l'Aviation","addressLocality":"TARBES","postalCode":"65310","addressCountry":"FR"},{"@type":"ImageObject","inLanguage":"en-US","@id":"https:\/\/airadrenaline.fr\/en\/boutique\/souvenirs-of-the-jump-video\/#local-main-organization-logo","url":"https:\/\/airadrenaline.fr\/wp-content\/uploads\/2022\/12\/cropped-favicon-airadrenaline.png","contentUrl":"https:\/\/airadrenaline.fr\/wp-content\/uploads\/2022\/12\/cropped-favicon-airadrenaline.png","width":512,"height":512,"caption":"Air Adr\u00e9naline"}]},"product_price_amount":"95.00","product_price_currency":"EUR","og_availability":"instock","product_availability":"instock","product_retailer_item_id":"souvenirs-saut-video","product_condition":"new","geo.placename":"TARBES","geo.region":"France"},"jetpack_sharing_enabled":true,"_links":{"self":[{"href":"https:\/\/airadrenaline.fr\/en\/wp-json\/wp\/v2\/product\/8561","targetHints":{"allow":["GET"]}}],"collection":[{"href":"https:\/\/airadrenaline.fr\/en\/wp-json\/wp\/v2\/product"}],"about":[{"href":"https:\/\/airadrenaline.fr\/en\/wp-json\/wp\/v2\/types\/product"}],"author":[{"embeddable":true,"href":"https:\/\/airadrenaline.fr\/en\/wp-json\/wp\/v2\/users\/2"}],"replies":[{"embeddable":true,"href":"https:\/\/airadrenaline.fr\/en\/wp-json\/wp\/v2\/comments?post=8561"}],"wp:featuredmedia":[{"embeddable":true,"href":"https:\/\/airadrenaline.fr\/en\/wp-json\/wp\/v2\/media\/8701"}],"wp:attachment":[{"href":"https:\/\/airadrenaline.fr\/en\/wp-json\/wp\/v2\/media?parent=8561"}],"wp:term":[{"taxonomy":"product_brand","embeddable":true,"href":"https:\/\/airadrenaline.fr\/en\/wp-json\/wp\/v2\/product_brand?post=8561"},{"taxonomy":"product_cat","embeddable":true,"href":"https:\/\/airadrenaline.fr\/en\/wp-json\/wp\/v2\/product_cat?post=8561"},{"taxonomy":"product_tag","embeddable":true,"href":"https:\/\/airadrenaline.fr\/en\/wp-json\/wp\/v2\/product_tag?post=8561"}],"curies":[{"name":"wp","href":"https:\/\/api.w.org\/{rel}","templated":true}]}}