{"id":8544,"date":"2022-11-10T15:03:14","date_gmt":"2022-11-10T15:03:14","guid":{"rendered":"https:\/\/airadrenaline.fr\/privacy-policy\/"},"modified":"2023-10-19T15:27:00","modified_gmt":"2023-10-19T15:27:00","slug":"privacy-policy","status":"publish","type":"page","link":"https:\/\/airadrenaline.fr\/en\/privacy-policy\/","title":{"rendered":"Privacy Policy"},"content":{"rendered":"<p>[vc_row][vc_column][vc_column_text]<\/p>\n<section class=\"row \">\n<div class=\"spb_content_element col-sm-12 bloc-texte-politique spb_text_column\">\n<div class=\"spb-asset-content\">\n<div class=\"title-wrap\">\n<h3 class=\"spb-heading spb-text-heading\">Who are we?<\/h3>\n<\/div>\n<p><strong>AIR ADR\u00c9NALINE<\/strong><\/p>\n<p><span class=\"street-address\">Head office:<\/span><br \/>\n60 rue de la GESPE<br \/>\n65360 ARCIZAC-ADOUR<br \/>\nFrance<br \/>\n+33 6 64 45 56 81<\/p>\n<p><a href=\"https:\/\/airadrenaline.fr\/en\/\">https:\/\/airadrenaline.fr<\/a><\/p>\n<p>SIRET 92081975200014<\/p>\n<\/div>\n<\/div>\n<\/section>\n<section class=\"row \">\n<div class=\"blank_spacer col-sm-12 \"><\/div>\n<\/section>\n<section class=\"row \">\n<div class=\"spb_content_element col-sm-12 bloc-texte-politique spb_text_column\">\n<div class=\"spb-asset-content\">\n<div class=\"title-wrap\">\n<h3 class=\"spb-heading spb-text-heading\">Use of personal data collected<\/h3>\n<\/div>\n<p><strong>CONTACT FORMS<\/strong><\/p>\n<p>The information collected is used solely to respond to your request for information.<\/p>\n<p><strong>COOKIES<\/strong><\/p>\n<p>Indirect: In order to measure the audience of the website, and to facilitate your navigation, our website uses cookies. These files placed in your browser are used to store image and page data to:<\/p>\n<ul type=\"disc\">\n<li>allow faster display between pages, and when a page is redisplayed.<\/li>\n<li>to display a layout of items in a way that suits the screen size of your device, and the browser version you are using.<\/li>\n<\/ul>\n<p>If you have an account and log on to this site, a temporary cookie will be set to determine whether your browser accepts cookies. It does not contain any personal data and will be deleted automatically when you close your browser.<\/p>\n<p>When you log in, we will set a number of cookies to store your login information and screen preferences. The lifetime of a connection cookie is two days, that of a screen option cookie is one year. If you check &#8220;Remember me&#8221;, your login cookie will be stored for a fortnight. If you log out of your account, the login cookie will be deleted.<\/p>\n<p><strong>EMBEDDED CONTENT FROM OTHER WEBSITES<\/strong><\/p>\n<p>Articles on this site may include embedded content (e.g. videos, images, articles&#8230;). Content embedded from other websites behaves in the same way as if the visitor were on that other website.<\/p>\n<p>These websites may collect data about you, use cookies, embed third-party tracking tools, track your interactions with these embedded contents if you have a logged-in account on their website.<\/p>\n<p><strong>STATISTICS AND AUDIENCE MEASUREMENTS<\/strong><\/p>\n<p>Your IP address, screen types, software used and hardware are kept for a period of one year for the purpose of analysing our audience.<br \/>\nHowever, this use of cookies is in no way linked to any personally identifiable information on our site.<br \/>\nThey are kept for a period of 12 months.<\/p>\n<\/div>\n<\/div>\n<\/section>\n<section class=\"row \">\n<div class=\"blank_spacer col-sm-12 \"><\/div>\n<\/section>\n<section class=\"row \">\n<div class=\"spb_content_element col-sm-12 bloc-texte-politique spb_text_column\">\n<div class=\"spb-asset-content\">\n<div class=\"title-wrap\">\n<h3 class=\"spb-heading spb-text-heading\">TRANSMISSION OF YOUR PERSONAL DATA?<\/h3>\n<\/div>\n<p>We are the sole owners of the information collected. Your personal information will not be sold, exchanged, transferred or given to any third party for any reason without your consent, other than what is necessary to allow you to continue browsing the site.<\/p>\n<\/div>\n<\/div>\n<\/section>\n<section class=\"row \">\n<div class=\"blank_spacer col-sm-12 \"><\/div>\n<\/section>\n<section class=\"row \">\n<div class=\"spb_content_element col-sm-12 bloc-texte-politique spb_text_column\">\n<div class=\"spb-asset-content\">\n<div class=\"title-wrap\">\n<h3 class=\"spb-heading spb-text-heading\">THE RIGHTS YOU HAVE OVER YOUR DATA<\/h3>\n<\/div>\n<p>If you have an account, you can request to receive a file containing all the personal data we hold about you, including that which you have provided to us. You can also request the deletion of your personal data. This does not take into account data stored for administrative, legal or security purposes.<\/p>\n<\/div>\n<\/div>\n<\/section>\n<section class=\"row \">\n<div class=\"blank_spacer col-sm-12 \"><\/div>\n<\/section>\n<section class=\"row \">\n<div class=\"spb_content_element col-sm-12 bloc-texte-politique spb_text_column\">\n<div class=\"spb-asset-content\">\n<div class=\"title-wrap\">\n<h3 class=\"spb-heading spb-text-heading\">CONTACT INFORMATION<\/h3>\n<\/div>\n<p>If you have an account, you can modify your contact information directly from the &#8220;my account&#8221; page with the access information you received by email at the time of order validation.<\/p>\n<p>If you do not have an account, you can request the modification or deletion of your data by e-mail to info@airadrenaline.fr<\/p>\n<\/div>\n<\/div>\n<\/section>\n<section class=\"row \">\n<div class=\"blank_spacer col-sm-12 \"><\/div>\n<\/section>\n<section class=\"row \">\n<div class=\"spb_content_element col-sm-12 bloc-texte-politique spb_text_column\">\n<div class=\"spb-asset-content\">\n<div class=\"title-wrap\">\n<h3 class=\"spb-heading spb-text-heading\">DATA PROTECTION<\/h3>\n<\/div>\n<p>We implement a variety of security measures to keep your personal information safe. We also protect your information offline. Only people who need to do specific work (website management, communication, &#8230;) have access to personally identifiable information. The computers and servers used to store personally identifiable information are kept in a secure environment.<\/p>\n<\/div>\n<\/div>\n<\/section>\n<p>[\/vc_column_text][\/vc_column][\/vc_row]<\/p>\n","protected":false},"excerpt":{"rendered":"<p>[vc_row][vc_column][vc_column_text] Who are we? AIR ADR\u00c9NALINE Head office: 60 [&hellip;]<\/p>\n","protected":false},"author":2,"featured_media":0,"parent":0,"menu_order":0,"comment_status":"closed","ping_status":"open","template":"","meta":{"_monsterinsights_skip_tracking":false,"_monsterinsights_sitenote_active":false,"_monsterinsights_sitenote_note":"","_monsterinsights_sitenote_category":0,"footnotes":""},"class_list":["post-8544","page","type-page","status-publish","hentry"],"yoast_head":"<!-- This site is optimized with the Yoast SEO Premium plugin v26.4 (Yoast SEO v26.4) - https:\/\/yoast.com\/wordpress\/plugins\/seo\/ -->\n<title>Privacy Policy - Air Adr\u00e9naline<\/title>\n<meta name=\"robots\" content=\"noindex, follow\" \/>\n<meta property=\"og:locale\" content=\"en_US\" \/>\n<meta property=\"og:type\" content=\"article\" \/>\n<meta property=\"og:title\" content=\"Privacy Policy\" \/>\n<meta property=\"og:description\" content=\"[vc_row][vc_column][vc_column_text] Who are we? AIR ADR\u00c9NALINE Head office: 60 [&hellip;]\" \/>\n<meta property=\"og:url\" content=\"https:\/\/airadrenaline.fr\/en\/privacy-policy\/\" \/>\n<meta property=\"og:site_name\" content=\"Air Adr\u00e9naline\" \/>\n<meta property=\"article:publisher\" content=\"https:\/\/www.facebook.com\/profile.php?id=100087983204837\" \/>\n<meta property=\"article:modified_time\" content=\"2023-10-19T15:27:00+00:00\" \/>\n<meta property=\"og:image\" content=\"https:\/\/airadrenaline.fr\/wp-content\/uploads\/2022\/12\/image-accueil-air-adrenaline-saut-tandem-tarbes.jpg\" \/>\n\t<meta property=\"og:image:width\" content=\"1200\" \/>\n\t<meta property=\"og:image:height\" content=\"757\" \/>\n\t<meta property=\"og:image:type\" content=\"image\/jpeg\" \/>\n<meta name=\"twitter:card\" content=\"summary_large_image\" \/>\n<meta name=\"twitter:label1\" content=\"Est. reading time\" \/>\n\t<meta name=\"twitter:data1\" content=\"3 minutes\" \/>\n<script type=\"application\/ld+json\" class=\"yoast-schema-graph\">{\"@context\":\"https:\/\/schema.org\",\"@graph\":[{\"@type\":\"WebPage\",\"@id\":\"https:\/\/airadrenaline.fr\/en\/privacy-policy\/\",\"url\":\"https:\/\/airadrenaline.fr\/en\/privacy-policy\/\",\"name\":\"Privacy Policy - Air Adr\u00e9naline\",\"isPartOf\":{\"@id\":\"https:\/\/airadrenaline.fr\/en\/#website\"},\"datePublished\":\"2022-11-10T15:03:14+00:00\",\"dateModified\":\"2023-10-19T15:27:00+00:00\",\"breadcrumb\":{\"@id\":\"https:\/\/airadrenaline.fr\/en\/privacy-policy\/#breadcrumb\"},\"inLanguage\":\"en-US\",\"potentialAction\":[{\"@type\":\"ReadAction\",\"target\":[\"https:\/\/airadrenaline.fr\/en\/privacy-policy\/\"]}]},{\"@type\":\"BreadcrumbList\",\"@id\":\"https:\/\/airadrenaline.fr\/en\/privacy-policy\/#breadcrumb\",\"itemListElement\":[{\"@type\":\"ListItem\",\"position\":1,\"name\":\"Accueil\",\"item\":\"https:\/\/airadrenaline.fr\/en\/\"},{\"@type\":\"ListItem\",\"position\":2,\"name\":\"Privacy Policy\"}]},{\"@type\":\"WebSite\",\"@id\":\"https:\/\/airadrenaline.fr\/en\/#website\",\"url\":\"https:\/\/airadrenaline.fr\/en\/\",\"name\":\"Air Adr\u00e9naline\",\"description\":\"Saut Tandem en Parachute\",\"publisher\":{\"@id\":\"https:\/\/airadrenaline.fr\/en\/#organization\"},\"alternateName\":\"airadrenaline.fr\",\"potentialAction\":[{\"@type\":\"SearchAction\",\"target\":{\"@type\":\"EntryPoint\",\"urlTemplate\":\"https:\/\/airadrenaline.fr\/en\/?s={search_term_string}\"},\"query-input\":{\"@type\":\"PropertyValueSpecification\",\"valueRequired\":true,\"valueName\":\"search_term_string\"}}],\"inLanguage\":\"en-US\"},{\"@type\":[\"Organization\",\"Place\",\"SportsClub\"],\"@id\":\"https:\/\/airadrenaline.fr\/en\/#organization\",\"name\":\"Air Adr\u00e9naline\",\"alternateName\":\"Airadrenaline\",\"url\":\"https:\/\/airadrenaline.fr\/en\/\",\"logo\":{\"@id\":\"https:\/\/airadrenaline.fr\/en\/privacy-policy\/#local-main-organization-logo\"},\"image\":{\"@id\":\"https:\/\/airadrenaline.fr\/en\/privacy-policy\/#local-main-organization-logo\"},\"sameAs\":[\"https:\/\/www.facebook.com\/profile.php?id=100087983204837\"],\"description\":\"Centre de Parachutisme situ\u00e9 \u00e0 Tarbes, au pied des Pyr\u00e9n\u00e9es, proposant des bapt\u00eames de saut en parachute en tandem aux particuliers, professionnels, comit\u00e9s d'entreprises et associations. Centre dirig\u00e9 par un vice-champion de France de parachutisme de pr\u00e9cision, et instructeur militaire \u00e0 Pau. Diff\u00e9rentes formules possibles : saut sans option, saut avec option photos ou vid\u00e9o, saut avec option photos et vid\u00e9o. Pour toutes les occasions, les bons cadeaux pour un saut en parachute sont valables un an, et avec l'option extension, 6 mois suppl\u00e9mentaires.\",\"legalName\":\"Air Adr\u00e9naline - 15 M Parachutisme\",\"numberOfEmployees\":{\"@type\":\"QuantitativeValue\",\"minValue\":\"1\",\"maxValue\":\"10\"},\"publishingPrinciples\":\"https:\/\/airadrenaline.fr\/communication-preferences\/\",\"ownershipFundingInfo\":\"https:\/\/airadrenaline.fr\/mentions-legales\/\",\"actionableFeedbackPolicy\":\"https:\/\/airadrenaline.fr\/conditions-generales-de-vente\/\",\"correctionsPolicy\":\"https:\/\/airadrenaline.fr\/communication-preferences\/\",\"ethicsPolicy\":\"https:\/\/airadrenaline.fr\/politique-de-cookies-ue\/\",\"address\":{\"@id\":\"https:\/\/airadrenaline.fr\/en\/privacy-policy\/#local-main-place-address\"},\"telephone\":[\"0760212561\"],\"contactPoint\":{\"@type\":\"ContactPoint\",\"telephone\":\"0760212561\",\"email\":\"info@airadrenaline.fr\"},\"openingHoursSpecification\":{\"@type\":\"OpeningHoursSpecification\",\"dayOfWeek\":[\"Monday\",\"Tuesday\",\"Wednesday\",\"Thursday\",\"Friday\",\"Saturday\",\"Sunday\"],\"opens\":\"00:00\",\"closes\":\"23:59\"},\"email\":\"info@airadrenaline.fr\"},{\"@type\":\"PostalAddress\",\"@id\":\"https:\/\/airadrenaline.fr\/en\/privacy-policy\/#local-main-place-address\",\"streetAddress\":\"21 impasse de l'Aviation\",\"addressLocality\":\"TARBES\",\"postalCode\":\"65310\",\"addressCountry\":\"FR\"},{\"@type\":\"ImageObject\",\"inLanguage\":\"en-US\",\"@id\":\"https:\/\/airadrenaline.fr\/en\/privacy-policy\/#local-main-organization-logo\",\"url\":\"https:\/\/airadrenaline.fr\/wp-content\/uploads\/2022\/12\/cropped-favicon-airadrenaline.png\",\"contentUrl\":\"https:\/\/airadrenaline.fr\/wp-content\/uploads\/2022\/12\/cropped-favicon-airadrenaline.png\",\"width\":512,\"height\":512,\"caption\":\"Air Adr\u00e9naline\"}]}<\/script>\n<meta name=\"geo.placename\" content=\"TARBES\" \/>\n<meta name=\"geo.region\" content=\"France\" \/>\n<!-- \/ Yoast SEO Premium plugin. -->","yoast_head_json":{"title":"Privacy Policy - Air Adr\u00e9naline","robots":{"index":"noindex","follow":"follow"},"og_locale":"en_US","og_type":"article","og_title":"Privacy Policy","og_description":"[vc_row][vc_column][vc_column_text] Who are we? AIR ADR\u00c9NALINE Head office: 60 [&hellip;]","og_url":"https:\/\/airadrenaline.fr\/en\/privacy-policy\/","og_site_name":"Air Adr\u00e9naline","article_publisher":"https:\/\/www.facebook.com\/profile.php?id=100087983204837","article_modified_time":"2023-10-19T15:27:00+00:00","og_image":[{"width":1200,"height":757,"url":"https:\/\/airadrenaline.fr\/wp-content\/uploads\/2022\/12\/image-accueil-air-adrenaline-saut-tandem-tarbes.jpg","type":"image\/jpeg"}],"twitter_card":"summary_large_image","twitter_misc":{"Est. reading time":"3 minutes"},"schema":{"@context":"https:\/\/schema.org","@graph":[{"@type":"WebPage","@id":"https:\/\/airadrenaline.fr\/en\/privacy-policy\/","url":"https:\/\/airadrenaline.fr\/en\/privacy-policy\/","name":"Privacy Policy - Air Adr\u00e9naline","isPartOf":{"@id":"https:\/\/airadrenaline.fr\/en\/#website"},"datePublished":"2022-11-10T15:03:14+00:00","dateModified":"2023-10-19T15:27:00+00:00","breadcrumb":{"@id":"https:\/\/airadrenaline.fr\/en\/privacy-policy\/#breadcrumb"},"inLanguage":"en-US","potentialAction":[{"@type":"ReadAction","target":["https:\/\/airadrenaline.fr\/en\/privacy-policy\/"]}]},{"@type":"BreadcrumbList","@id":"https:\/\/airadrenaline.fr\/en\/privacy-policy\/#breadcrumb","itemListElement":[{"@type":"ListItem","position":1,"name":"Accueil","item":"https:\/\/airadrenaline.fr\/en\/"},{"@type":"ListItem","position":2,"name":"Privacy Policy"}]},{"@type":"WebSite","@id":"https:\/\/airadrenaline.fr\/en\/#website","url":"https:\/\/airadrenaline.fr\/en\/","name":"Air Adr\u00e9naline","description":"Saut Tandem en Parachute","publisher":{"@id":"https:\/\/airadrenaline.fr\/en\/#organization"},"alternateName":"airadrenaline.fr","potentialAction":[{"@type":"SearchAction","target":{"@type":"EntryPoint","urlTemplate":"https:\/\/airadrenaline.fr\/en\/?s={search_term_string}"},"query-input":{"@type":"PropertyValueSpecification","valueRequired":true,"valueName":"search_term_string"}}],"inLanguage":"en-US"},{"@type":["Organization","Place","SportsClub"],"@id":"https:\/\/airadrenaline.fr\/en\/#organization","name":"Air Adr\u00e9naline","alternateName":"Airadrenaline","url":"https:\/\/airadrenaline.fr\/en\/","logo":{"@id":"https:\/\/airadrenaline.fr\/en\/privacy-policy\/#local-main-organization-logo"},"image":{"@id":"https:\/\/airadrenaline.fr\/en\/privacy-policy\/#local-main-organization-logo"},"sameAs":["https:\/\/www.facebook.com\/profile.php?id=100087983204837"],"description":"Centre de Parachutisme situ\u00e9 \u00e0 Tarbes, au pied des Pyr\u00e9n\u00e9es, proposant des bapt\u00eames de saut en parachute en tandem aux particuliers, professionnels, comit\u00e9s d'entreprises et associations. Centre dirig\u00e9 par un vice-champion de France de parachutisme de pr\u00e9cision, et instructeur militaire \u00e0 Pau. Diff\u00e9rentes formules possibles : saut sans option, saut avec option photos ou vid\u00e9o, saut avec option photos et vid\u00e9o. Pour toutes les occasions, les bons cadeaux pour un saut en parachute sont valables un an, et avec l'option extension, 6 mois suppl\u00e9mentaires.","legalName":"Air Adr\u00e9naline - 15 M Parachutisme","numberOfEmployees":{"@type":"QuantitativeValue","minValue":"1","maxValue":"10"},"publishingPrinciples":"https:\/\/airadrenaline.fr\/communication-preferences\/","ownershipFundingInfo":"https:\/\/airadrenaline.fr\/mentions-legales\/","actionableFeedbackPolicy":"https:\/\/airadrenaline.fr\/conditions-generales-de-vente\/","correctionsPolicy":"https:\/\/airadrenaline.fr\/communication-preferences\/","ethicsPolicy":"https:\/\/airadrenaline.fr\/politique-de-cookies-ue\/","address":{"@id":"https:\/\/airadrenaline.fr\/en\/privacy-policy\/#local-main-place-address"},"telephone":["0760212561"],"contactPoint":{"@type":"ContactPoint","telephone":"0760212561","email":"info@airadrenaline.fr"},"openingHoursSpecification":{"@type":"OpeningHoursSpecification","dayOfWeek":["Monday","Tuesday","Wednesday","Thursday","Friday","Saturday","Sunday"],"opens":"00:00","closes":"23:59"},"email":"info@airadrenaline.fr"},{"@type":"PostalAddress","@id":"https:\/\/airadrenaline.fr\/en\/privacy-policy\/#local-main-place-address","streetAddress":"21 impasse de l'Aviation","addressLocality":"TARBES","postalCode":"65310","addressCountry":"FR"},{"@type":"ImageObject","inLanguage":"en-US","@id":"https:\/\/airadrenaline.fr\/en\/privacy-policy\/#local-main-organization-logo","url":"https:\/\/airadrenaline.fr\/wp-content\/uploads\/2022\/12\/cropped-favicon-airadrenaline.png","contentUrl":"https:\/\/airadrenaline.fr\/wp-content\/uploads\/2022\/12\/cropped-favicon-airadrenaline.png","width":512,"height":512,"caption":"Air Adr\u00e9naline"}]},"geo.placename":"TARBES","geo.region":"France"},"jetpack_sharing_enabled":true,"_links":{"self":[{"href":"https:\/\/airadrenaline.fr\/en\/wp-json\/wp\/v2\/pages\/8544","targetHints":{"allow":["GET"]}}],"collection":[{"href":"https:\/\/airadrenaline.fr\/en\/wp-json\/wp\/v2\/pages"}],"about":[{"href":"https:\/\/airadrenaline.fr\/en\/wp-json\/wp\/v2\/types\/page"}],"author":[{"embeddable":true,"href":"https:\/\/airadrenaline.fr\/en\/wp-json\/wp\/v2\/users\/2"}],"replies":[{"embeddable":true,"href":"https:\/\/airadrenaline.fr\/en\/wp-json\/wp\/v2\/comments?post=8544"}],"version-history":[{"count":0,"href":"https:\/\/airadrenaline.fr\/en\/wp-json\/wp\/v2\/pages\/8544\/revisions"}],"wp:attachment":[{"href":"https:\/\/airadrenaline.fr\/en\/wp-json\/wp\/v2\/media?parent=8544"}],"curies":[{"name":"wp","href":"https:\/\/api.w.org\/{rel}","templated":true}]}}