{"id":8542,"date":"2019-02-28T14:31:54","date_gmt":"2019-02-28T14:31:54","guid":{"rendered":"https:\/\/airadrenaline.fr\/photos\/"},"modified":"2023-10-19T15:26:26","modified_gmt":"2023-10-19T15:26:26","slug":"photos","status":"publish","type":"page","link":"https:\/\/airadrenaline.fr\/en\/photos\/","title":{"rendered":"Photos"},"content":{"rendered":"<p>[vc_row row_content_width=&#8221;grid&#8221;][vc_column]<div class=\"qodef-portfolio-list-holder qodef-grid-list qodef-grid-masonry-list qodef-pl-masonry qodef-three-columns qodef-medium-space qodef-disable-bottom-space qodef-pl-gallery-overlay qodef-fixed-masonry-items   qodef-pl-pag-no-pagination  qodef-pl-has-animation   \"  data-type=masonry data-number-of-columns=three data-space-between-items=medium data-number-of-items=8 data-image-proportions=full data-enable-fixed-proportions=yes data-enable-image-shadow=no data-category=saut data-orderby=date data-order=ASC data-item-style=gallery-overlay data-enable-title=yes data-title-tag=h4 data-enable-category=no data-enable-count-images=yes data-enable-excerpt=no data-excerpt-length=20 data-pagination-type=no-pagination data-filter=no data-filter-order-by=name data-enable-article-animation=yes data-portfolio-slider-on=no data-enable-loop=yes data-enable-autoplay=yes data-slider-speed=5000 data-slider-speed-animation=600 data-enable-navigation=yes data-enable-pagination=yes data-max-num-pages=1 data-next-page=2>\n\t\t<div class=\"qodef-pl-inner qodef-outer-space qodef-masonry-list-wrapper clearfix\">\n\t\t<div class=\"qodef-masonry-grid-sizer\"><\/div>\n\t\t<div class=\"qodef-masonry-grid-gutter\"><\/div>\n\t\t<article class=\"qodef-pl-item qodef-item-space qodef-masonry-size-large-width-height post-8692 portfolio-item type-portfolio-item status-publish has-post-thumbnail hentry portfolio-category-skydive-jump\">\n\t<div class=\"qodef-pl-item-inner\">\n\t\t<div class=\"qodef-pli-image\">\n    <img loading=\"lazy\" decoding=\"async\" width=\"1080\" height=\"1080\" src=\"https:\/\/airadrenaline.fr\/wp-content\/uploads\/2022\/12\/photo-couverture-galerie_octavia.jpg\" class=\"attachment-xtrail_select_image_huge size-xtrail_select_image_huge wp-post-image\" alt=\"\" srcset=\"https:\/\/airadrenaline.fr\/wp-content\/uploads\/2022\/12\/photo-couverture-galerie_octavia.jpg 1080w, https:\/\/airadrenaline.fr\/wp-content\/uploads\/2022\/12\/photo-couverture-galerie_octavia-300x300.jpg 300w, https:\/\/airadrenaline.fr\/wp-content\/uploads\/2022\/12\/photo-couverture-galerie_octavia-1024x1024.jpg 1024w, https:\/\/airadrenaline.fr\/wp-content\/uploads\/2022\/12\/photo-couverture-galerie_octavia-150x150.jpg 150w, https:\/\/airadrenaline.fr\/wp-content\/uploads\/2022\/12\/photo-couverture-galerie_octavia-768x768.jpg 768w, https:\/\/airadrenaline.fr\/wp-content\/uploads\/2022\/12\/photo-couverture-galerie_octavia-650x650.jpg 650w, https:\/\/airadrenaline.fr\/wp-content\/uploads\/2022\/12\/photo-couverture-galerie_octavia-100x100.jpg 100w\" sizes=\"auto, (max-width: 1080px) 100vw, 1080px\" \/>    <a itemprop=\"url\" class=\"qodef-pli-link qodef-block-drag-link\" href=\"https:\/\/airadrenaline.fr\/en\/portfolio-item\/octavia-2\/\" target=\"_self\">\n    <\/a>\n<\/div>\n<div class=\"qodef-pli-text-holder\">\n\t<div class=\"qodef-pli-text-wrapper\">\n\t\t<div class=\"qodef-pli-text\">\n\t\t\t    <a itemprop=\"url\" href=\"https:\/\/airadrenaline.fr\/en\/portfolio-item\/octavia-2\/\" target=\"_self\">\n        <h4 itemprop=\"name\" class=\"qodef-pli-title entry-title\" >\n            OCTAVIA        <\/h4>\n    <\/a>\n\n\t\t\t\n\t\t\t\t\t\t\n\t\t\t\t\t<\/div>\n\t<\/div>\n<\/div>\t<\/div>\n<\/article><article class=\"qodef-pl-item qodef-item-space qodef-masonry-size-small post-8691 portfolio-item type-portfolio-item status-publish has-post-thumbnail hentry portfolio-category-skydive-jump\">\n\t<div class=\"qodef-pl-item-inner\">\n\t\t<div class=\"qodef-pli-image\">\n    <img loading=\"lazy\" decoding=\"async\" width=\"650\" height=\"650\" src=\"https:\/\/airadrenaline.fr\/wp-content\/uploads\/2022\/12\/photo-couverture-galerie_alex-650x650.jpg\" class=\"attachment-xtrail_select_image_square size-xtrail_select_image_square wp-post-image\" alt=\"\" srcset=\"https:\/\/airadrenaline.fr\/wp-content\/uploads\/2022\/12\/photo-couverture-galerie_alex-650x650.jpg 650w, https:\/\/airadrenaline.fr\/wp-content\/uploads\/2022\/12\/photo-couverture-galerie_alex-300x300.jpg 300w, https:\/\/airadrenaline.fr\/wp-content\/uploads\/2022\/12\/photo-couverture-galerie_alex-1024x1024.jpg 1024w, https:\/\/airadrenaline.fr\/wp-content\/uploads\/2022\/12\/photo-couverture-galerie_alex-150x150.jpg 150w, https:\/\/airadrenaline.fr\/wp-content\/uploads\/2022\/12\/photo-couverture-galerie_alex-768x768.jpg 768w, https:\/\/airadrenaline.fr\/wp-content\/uploads\/2022\/12\/photo-couverture-galerie_alex-100x100.jpg 100w, https:\/\/airadrenaline.fr\/wp-content\/uploads\/2022\/12\/photo-couverture-galerie_alex.jpg 1080w\" sizes=\"auto, (max-width: 650px) 100vw, 650px\" \/>    <a itemprop=\"url\" class=\"qodef-pli-link qodef-block-drag-link\" href=\"https:\/\/airadrenaline.fr\/en\/portfolio-item\/alex-2\/\" target=\"_self\">\n    <\/a>\n<\/div>\n<div class=\"qodef-pli-text-holder\">\n\t<div class=\"qodef-pli-text-wrapper\">\n\t\t<div class=\"qodef-pli-text\">\n\t\t\t    <a itemprop=\"url\" href=\"https:\/\/airadrenaline.fr\/en\/portfolio-item\/alex-2\/\" target=\"_self\">\n        <h4 itemprop=\"name\" class=\"qodef-pli-title entry-title\" >\n            ALEX        <\/h4>\n    <\/a>\n\n\t\t\t\n\t\t\t\t\t\t\n\t\t\t\t\t<\/div>\n\t<\/div>\n<\/div>\t<\/div>\n<\/article><article class=\"qodef-pl-item qodef-item-space qodef-masonry-size-small post-8690 portfolio-item type-portfolio-item status-publish has-post-thumbnail hentry portfolio-category-skydive-jump\">\n\t<div class=\"qodef-pl-item-inner\">\n\t\t<div class=\"qodef-pli-image\">\n    <img loading=\"lazy\" decoding=\"async\" width=\"650\" height=\"650\" src=\"https:\/\/airadrenaline.fr\/wp-content\/uploads\/2022\/12\/photo-couverture-galerie_charlotte-650x650.jpg\" class=\"attachment-xtrail_select_image_square size-xtrail_select_image_square wp-post-image\" alt=\"\" srcset=\"https:\/\/airadrenaline.fr\/wp-content\/uploads\/2022\/12\/photo-couverture-galerie_charlotte-650x650.jpg 650w, https:\/\/airadrenaline.fr\/wp-content\/uploads\/2022\/12\/photo-couverture-galerie_charlotte-300x300.jpg 300w, https:\/\/airadrenaline.fr\/wp-content\/uploads\/2022\/12\/photo-couverture-galerie_charlotte-1024x1024.jpg 1024w, https:\/\/airadrenaline.fr\/wp-content\/uploads\/2022\/12\/photo-couverture-galerie_charlotte-150x150.jpg 150w, https:\/\/airadrenaline.fr\/wp-content\/uploads\/2022\/12\/photo-couverture-galerie_charlotte-768x768.jpg 768w, https:\/\/airadrenaline.fr\/wp-content\/uploads\/2022\/12\/photo-couverture-galerie_charlotte-100x100.jpg 100w, https:\/\/airadrenaline.fr\/wp-content\/uploads\/2022\/12\/photo-couverture-galerie_charlotte.jpg 1080w\" sizes=\"auto, (max-width: 650px) 100vw, 650px\" \/>    <a itemprop=\"url\" class=\"qodef-pli-link qodef-block-drag-link\" href=\"https:\/\/airadrenaline.fr\/en\/portfolio-item\/charlotte-2\/\" target=\"_self\">\n    <\/a>\n<\/div>\n<div class=\"qodef-pli-text-holder\">\n\t<div class=\"qodef-pli-text-wrapper\">\n\t\t<div class=\"qodef-pli-text\">\n\t\t\t    <a itemprop=\"url\" href=\"https:\/\/airadrenaline.fr\/en\/portfolio-item\/charlotte-2\/\" target=\"_self\">\n        <h4 itemprop=\"name\" class=\"qodef-pli-title entry-title\" >\n            CHARLOTTE        <\/h4>\n    <\/a>\n\n\t\t\t\n\t\t\t\t\t\t\n\t\t\t\t\t<\/div>\n\t<\/div>\n<\/div>\t<\/div>\n<\/article><article class=\"qodef-pl-item qodef-item-space qodef-masonry-size-large-width post-8689 portfolio-item type-portfolio-item status-publish has-post-thumbnail hentry portfolio-category-skydive-jump\">\n\t<div class=\"qodef-pl-item-inner\">\n\t\t<div class=\"qodef-pli-image\">\n    <img loading=\"lazy\" decoding=\"async\" width=\"1300\" height=\"650\" src=\"https:\/\/airadrenaline.fr\/wp-content\/uploads\/2022\/12\/vlcsnap-2022-11-07_franck-1-1300x650.jpg\" class=\"attachment-xtrail_select_image_landscape size-xtrail_select_image_landscape wp-post-image\" alt=\"\" \/>    <a itemprop=\"url\" class=\"qodef-pli-link qodef-block-drag-link\" href=\"https:\/\/airadrenaline.fr\/en\/portfolio-item\/franck-2\/\" target=\"_self\">\n    <\/a>\n<\/div>\n<div class=\"qodef-pli-text-holder\">\n\t<div class=\"qodef-pli-text-wrapper\">\n\t\t<div class=\"qodef-pli-text\">\n\t\t\t    <a itemprop=\"url\" href=\"https:\/\/airadrenaline.fr\/en\/portfolio-item\/franck-2\/\" target=\"_self\">\n        <h4 itemprop=\"name\" class=\"qodef-pli-title entry-title\" >\n            FRANCK        <\/h4>\n    <\/a>\n\n\t\t\t\n\t\t\t\t\t\t\n\t\t\t\t\t<\/div>\n\t<\/div>\n<\/div>\t<\/div>\n<\/article><article class=\"qodef-pl-item qodef-item-space qodef-masonry-size-small post-8688 portfolio-item type-portfolio-item status-publish has-post-thumbnail hentry portfolio-category-skydive-jump\">\n\t<div class=\"qodef-pl-item-inner\">\n\t\t<div class=\"qodef-pli-image\">\n    <img loading=\"lazy\" decoding=\"async\" width=\"650\" height=\"650\" src=\"https:\/\/airadrenaline.fr\/wp-content\/uploads\/2022\/12\/photo-couverture-galerie_marion-650x650.jpg\" class=\"attachment-xtrail_select_image_square size-xtrail_select_image_square wp-post-image\" alt=\"\" srcset=\"https:\/\/airadrenaline.fr\/wp-content\/uploads\/2022\/12\/photo-couverture-galerie_marion-650x650.jpg 650w, https:\/\/airadrenaline.fr\/wp-content\/uploads\/2022\/12\/photo-couverture-galerie_marion-300x300.jpg 300w, https:\/\/airadrenaline.fr\/wp-content\/uploads\/2022\/12\/photo-couverture-galerie_marion-1024x1024.jpg 1024w, https:\/\/airadrenaline.fr\/wp-content\/uploads\/2022\/12\/photo-couverture-galerie_marion-150x150.jpg 150w, https:\/\/airadrenaline.fr\/wp-content\/uploads\/2022\/12\/photo-couverture-galerie_marion-768x768.jpg 768w, https:\/\/airadrenaline.fr\/wp-content\/uploads\/2022\/12\/photo-couverture-galerie_marion-100x100.jpg 100w, https:\/\/airadrenaline.fr\/wp-content\/uploads\/2022\/12\/photo-couverture-galerie_marion.jpg 1080w\" sizes=\"auto, (max-width: 650px) 100vw, 650px\" \/>    <a itemprop=\"url\" class=\"qodef-pli-link qodef-block-drag-link\" href=\"https:\/\/airadrenaline.fr\/en\/portfolio-item\/marion-2\/\" target=\"_self\">\n    <\/a>\n<\/div>\n<div class=\"qodef-pli-text-holder\">\n\t<div class=\"qodef-pli-text-wrapper\">\n\t\t<div class=\"qodef-pli-text\">\n\t\t\t    <a itemprop=\"url\" href=\"https:\/\/airadrenaline.fr\/en\/portfolio-item\/marion-2\/\" target=\"_self\">\n        <h4 itemprop=\"name\" class=\"qodef-pli-title entry-title\" >\n            MARION        <\/h4>\n    <\/a>\n\n\t\t\t\n\t\t\t\t\t\t\n\t\t\t\t\t<\/div>\n\t<\/div>\n<\/div>\t<\/div>\n<\/article><article class=\"qodef-pl-item qodef-item-space qodef-masonry-size-large-width-height post-8687 portfolio-item type-portfolio-item status-publish has-post-thumbnail hentry portfolio-category-skydive-jump\">\n\t<div class=\"qodef-pl-item-inner\">\n\t\t<div class=\"qodef-pli-image\">\n    <img loading=\"lazy\" decoding=\"async\" width=\"1080\" height=\"1080\" src=\"https:\/\/airadrenaline.fr\/wp-content\/uploads\/2022\/12\/photo-couverture-christelle.jpg\" class=\"attachment-xtrail_select_image_huge size-xtrail_select_image_huge wp-post-image\" alt=\"\" srcset=\"https:\/\/airadrenaline.fr\/wp-content\/uploads\/2022\/12\/photo-couverture-christelle.jpg 1080w, https:\/\/airadrenaline.fr\/wp-content\/uploads\/2022\/12\/photo-couverture-christelle-300x300.jpg 300w, https:\/\/airadrenaline.fr\/wp-content\/uploads\/2022\/12\/photo-couverture-christelle-1024x1024.jpg 1024w, https:\/\/airadrenaline.fr\/wp-content\/uploads\/2022\/12\/photo-couverture-christelle-150x150.jpg 150w, https:\/\/airadrenaline.fr\/wp-content\/uploads\/2022\/12\/photo-couverture-christelle-768x768.jpg 768w, https:\/\/airadrenaline.fr\/wp-content\/uploads\/2022\/12\/photo-couverture-christelle-650x650.jpg 650w, https:\/\/airadrenaline.fr\/wp-content\/uploads\/2022\/12\/photo-couverture-christelle-100x100.jpg 100w\" sizes=\"auto, (max-width: 1080px) 100vw, 1080px\" \/>    <a itemprop=\"url\" class=\"qodef-pli-link qodef-block-drag-link\" href=\"https:\/\/airadrenaline.fr\/en\/portfolio-item\/christelle-2\/\" target=\"_self\">\n    <\/a>\n<\/div>\n<div class=\"qodef-pli-text-holder\">\n\t<div class=\"qodef-pli-text-wrapper\">\n\t\t<div class=\"qodef-pli-text\">\n\t\t\t    <a itemprop=\"url\" href=\"https:\/\/airadrenaline.fr\/en\/portfolio-item\/christelle-2\/\" target=\"_self\">\n        <h4 itemprop=\"name\" class=\"qodef-pli-title entry-title\" >\n            CHRISTELLE        <\/h4>\n    <\/a>\n\n\t\t\t\n\t\t\t\t\t\t\n\t\t\t\t\t<\/div>\n\t<\/div>\n<\/div>\t<\/div>\n<\/article>\t<\/div>\n\t\n\t<\/div>[\/vc_column][\/vc_row]<\/p>\n","protected":false},"excerpt":{"rendered":"<p>[vc_row row_content_width=&#8221;grid&#8221;][vc_column][\/vc_column][\/vc_row]<\/p>\n","protected":false},"author":2,"featured_media":8514,"parent":0,"menu_order":0,"comment_status":"closed","ping_status":"closed","template":"full-width.php","meta":{"_monsterinsights_skip_tracking":false,"_monsterinsights_sitenote_active":false,"_monsterinsights_sitenote_note":"","_monsterinsights_sitenote_category":0,"footnotes":""},"class_list":["post-8542","page","type-page","status-publish","has-post-thumbnail","hentry"],"yoast_head":"<!-- This site is optimized with the Yoast SEO Premium plugin v26.4 (Yoast SEO v26.4) - https:\/\/yoast.com\/wordpress\/plugins\/seo\/ -->\n<title>Gallery Photos - Air Adr\u00e9naline<\/title>\n<meta name=\"description\" content=\"Discover some photos illustrating the different moments of a tandem skydiving jump with some of the delighted customers who tried the experience!\" \/>\n<meta name=\"robots\" content=\"noindex, follow\" \/>\n<meta property=\"og:locale\" content=\"en_US\" \/>\n<meta property=\"og:type\" content=\"article\" \/>\n<meta property=\"og:title\" content=\"They jumped with us!\" \/>\n<meta property=\"og:description\" content=\"Discover some photos illustrating the different moments of a tandem skydiving jump with some of the delighted clients who have tried the experience!\" \/>\n<meta property=\"og:url\" content=\"https:\/\/airadrenaline.fr\/en\/photos\/\" \/>\n<meta property=\"og:site_name\" content=\"Air Adr\u00e9naline\" \/>\n<meta property=\"article:publisher\" content=\"https:\/\/www.facebook.com\/profile.php?id=100087983204837\" \/>\n<meta property=\"article:modified_time\" content=\"2023-10-19T15:26:26+00:00\" \/>\n<meta property=\"og:image\" content=\"https:\/\/airadrenaline.fr\/wp-content\/uploads\/2022\/12\/image-galerie-photos-air-adrenaline-saut-tandem-tarbes-630x300.jpg\" \/>\n<meta name=\"twitter:card\" content=\"summary_large_image\" \/>\n<meta name=\"twitter:title\" content=\"Photos\" \/>\n<meta name=\"twitter:label1\" content=\"Est. reading time\" \/>\n\t<meta name=\"twitter:data1\" content=\"1 minute\" \/>\n<script type=\"application\/ld+json\" class=\"yoast-schema-graph\">{\"@context\":\"https:\/\/schema.org\",\"@graph\":[{\"@type\":\"WebPage\",\"@id\":\"https:\/\/airadrenaline.fr\/en\/photos\/\",\"url\":\"https:\/\/airadrenaline.fr\/en\/photos\/\",\"name\":\"Gallery Photos - Air Adr\u00e9naline\",\"isPartOf\":{\"@id\":\"https:\/\/airadrenaline.fr\/en\/#website\"},\"primaryImageOfPage\":{\"@id\":\"https:\/\/airadrenaline.fr\/en\/photos\/#primaryimage\"},\"image\":{\"@id\":\"https:\/\/airadrenaline.fr\/en\/photos\/#primaryimage\"},\"thumbnailUrl\":\"https:\/\/airadrenaline.fr\/wp-content\/uploads\/2022\/12\/image-galerie-photos-air-adrenaline-saut-tandem-tarbes-2.jpg\",\"datePublished\":\"2019-02-28T14:31:54+00:00\",\"dateModified\":\"2023-10-19T15:26:26+00:00\",\"description\":\"Discover some photos illustrating the different moments of a tandem skydiving jump with some of the delighted customers who tried the experience!\",\"breadcrumb\":{\"@id\":\"https:\/\/airadrenaline.fr\/en\/photos\/#breadcrumb\"},\"inLanguage\":\"en-US\",\"potentialAction\":[{\"@type\":\"ReadAction\",\"target\":[\"https:\/\/airadrenaline.fr\/en\/photos\/\"]}]},{\"@type\":\"ImageObject\",\"inLanguage\":\"en-US\",\"@id\":\"https:\/\/airadrenaline.fr\/en\/photos\/#primaryimage\",\"url\":\"https:\/\/airadrenaline.fr\/wp-content\/uploads\/2022\/12\/image-galerie-photos-air-adrenaline-saut-tandem-tarbes-2.jpg\",\"contentUrl\":\"https:\/\/airadrenaline.fr\/wp-content\/uploads\/2022\/12\/image-galerie-photos-air-adrenaline-saut-tandem-tarbes-2.jpg\",\"width\":933,\"height\":933},{\"@type\":\"BreadcrumbList\",\"@id\":\"https:\/\/airadrenaline.fr\/en\/photos\/#breadcrumb\",\"itemListElement\":[{\"@type\":\"ListItem\",\"position\":1,\"name\":\"Accueil\",\"item\":\"https:\/\/airadrenaline.fr\/en\/\"},{\"@type\":\"ListItem\",\"position\":2,\"name\":\"Photos\"}]},{\"@type\":\"WebSite\",\"@id\":\"https:\/\/airadrenaline.fr\/en\/#website\",\"url\":\"https:\/\/airadrenaline.fr\/en\/\",\"name\":\"Air Adr\u00e9naline\",\"description\":\"Saut Tandem en Parachute\",\"publisher\":{\"@id\":\"https:\/\/airadrenaline.fr\/en\/#organization\"},\"alternateName\":\"airadrenaline.fr\",\"potentialAction\":[{\"@type\":\"SearchAction\",\"target\":{\"@type\":\"EntryPoint\",\"urlTemplate\":\"https:\/\/airadrenaline.fr\/en\/?s={search_term_string}\"},\"query-input\":{\"@type\":\"PropertyValueSpecification\",\"valueRequired\":true,\"valueName\":\"search_term_string\"}}],\"inLanguage\":\"en-US\"},{\"@type\":[\"Organization\",\"Place\",\"SportsClub\"],\"@id\":\"https:\/\/airadrenaline.fr\/en\/#organization\",\"name\":\"Air Adr\u00e9naline\",\"alternateName\":\"Airadrenaline\",\"url\":\"https:\/\/airadrenaline.fr\/en\/\",\"logo\":{\"@id\":\"https:\/\/airadrenaline.fr\/en\/photos\/#local-main-organization-logo\"},\"image\":{\"@id\":\"https:\/\/airadrenaline.fr\/en\/photos\/#local-main-organization-logo\"},\"sameAs\":[\"https:\/\/www.facebook.com\/profile.php?id=100087983204837\"],\"description\":\"Centre de Parachutisme situ\u00e9 \u00e0 Tarbes, au pied des Pyr\u00e9n\u00e9es, proposant des bapt\u00eames de saut en parachute en tandem aux particuliers, professionnels, comit\u00e9s d'entreprises et associations. Centre dirig\u00e9 par un vice-champion de France de parachutisme de pr\u00e9cision, et instructeur militaire \u00e0 Pau. Diff\u00e9rentes formules possibles : saut sans option, saut avec option photos ou vid\u00e9o, saut avec option photos et vid\u00e9o. Pour toutes les occasions, les bons cadeaux pour un saut en parachute sont valables un an, et avec l'option extension, 6 mois suppl\u00e9mentaires.\",\"legalName\":\"Air Adr\u00e9naline - 15 M Parachutisme\",\"numberOfEmployees\":{\"@type\":\"QuantitativeValue\",\"minValue\":\"1\",\"maxValue\":\"10\"},\"publishingPrinciples\":\"https:\/\/airadrenaline.fr\/communication-preferences\/\",\"ownershipFundingInfo\":\"https:\/\/airadrenaline.fr\/mentions-legales\/\",\"actionableFeedbackPolicy\":\"https:\/\/airadrenaline.fr\/conditions-generales-de-vente\/\",\"correctionsPolicy\":\"https:\/\/airadrenaline.fr\/communication-preferences\/\",\"ethicsPolicy\":\"https:\/\/airadrenaline.fr\/politique-de-cookies-ue\/\",\"address\":{\"@id\":\"https:\/\/airadrenaline.fr\/en\/photos\/#local-main-place-address\"},\"telephone\":[\"0760212561\"],\"contactPoint\":{\"@type\":\"ContactPoint\",\"telephone\":\"0760212561\",\"email\":\"info@airadrenaline.fr\"},\"openingHoursSpecification\":{\"@type\":\"OpeningHoursSpecification\",\"dayOfWeek\":[\"Monday\",\"Tuesday\",\"Wednesday\",\"Thursday\",\"Friday\",\"Saturday\",\"Sunday\"],\"opens\":\"00:00\",\"closes\":\"23:59\"},\"email\":\"info@airadrenaline.fr\"},{\"@type\":\"PostalAddress\",\"@id\":\"https:\/\/airadrenaline.fr\/en\/photos\/#local-main-place-address\",\"streetAddress\":\"21 impasse de l'Aviation\",\"addressLocality\":\"TARBES\",\"postalCode\":\"65310\",\"addressCountry\":\"FR\"},{\"@type\":\"ImageObject\",\"inLanguage\":\"en-US\",\"@id\":\"https:\/\/airadrenaline.fr\/en\/photos\/#local-main-organization-logo\",\"url\":\"https:\/\/airadrenaline.fr\/wp-content\/uploads\/2022\/12\/cropped-favicon-airadrenaline.png\",\"contentUrl\":\"https:\/\/airadrenaline.fr\/wp-content\/uploads\/2022\/12\/cropped-favicon-airadrenaline.png\",\"width\":512,\"height\":512,\"caption\":\"Air Adr\u00e9naline\"}]}<\/script>\n<meta name=\"geo.placename\" content=\"TARBES\" \/>\n<meta name=\"geo.region\" content=\"France\" \/>\n<!-- \/ Yoast SEO Premium plugin. -->","yoast_head_json":{"title":"Gallery Photos - Air Adr\u00e9naline","description":"Discover some photos illustrating the different moments of a tandem skydiving jump with some of the delighted customers who tried the experience!","robots":{"index":"noindex","follow":"follow"},"og_locale":"en_US","og_type":"article","og_title":"They jumped with us!","og_description":"Discover some photos illustrating the different moments of a tandem skydiving jump with some of the delighted clients who have tried the experience!","og_url":"https:\/\/airadrenaline.fr\/en\/photos\/","og_site_name":"Air Adr\u00e9naline","article_publisher":"https:\/\/www.facebook.com\/profile.php?id=100087983204837","article_modified_time":"2023-10-19T15:26:26+00:00","og_image":[{"url":"https:\/\/airadrenaline.fr\/wp-content\/uploads\/2022\/12\/image-galerie-photos-air-adrenaline-saut-tandem-tarbes-630x300.jpg","type":"","width":"","height":""}],"twitter_card":"summary_large_image","twitter_title":"Photos","twitter_misc":{"Est. reading time":"1 minute"},"schema":{"@context":"https:\/\/schema.org","@graph":[{"@type":"WebPage","@id":"https:\/\/airadrenaline.fr\/en\/photos\/","url":"https:\/\/airadrenaline.fr\/en\/photos\/","name":"Gallery Photos - Air Adr\u00e9naline","isPartOf":{"@id":"https:\/\/airadrenaline.fr\/en\/#website"},"primaryImageOfPage":{"@id":"https:\/\/airadrenaline.fr\/en\/photos\/#primaryimage"},"image":{"@id":"https:\/\/airadrenaline.fr\/en\/photos\/#primaryimage"},"thumbnailUrl":"https:\/\/airadrenaline.fr\/wp-content\/uploads\/2022\/12\/image-galerie-photos-air-adrenaline-saut-tandem-tarbes-2.jpg","datePublished":"2019-02-28T14:31:54+00:00","dateModified":"2023-10-19T15:26:26+00:00","description":"Discover some photos illustrating the different moments of a tandem skydiving jump with some of the delighted customers who tried the experience!","breadcrumb":{"@id":"https:\/\/airadrenaline.fr\/en\/photos\/#breadcrumb"},"inLanguage":"en-US","potentialAction":[{"@type":"ReadAction","target":["https:\/\/airadrenaline.fr\/en\/photos\/"]}]},{"@type":"ImageObject","inLanguage":"en-US","@id":"https:\/\/airadrenaline.fr\/en\/photos\/#primaryimage","url":"https:\/\/airadrenaline.fr\/wp-content\/uploads\/2022\/12\/image-galerie-photos-air-adrenaline-saut-tandem-tarbes-2.jpg","contentUrl":"https:\/\/airadrenaline.fr\/wp-content\/uploads\/2022\/12\/image-galerie-photos-air-adrenaline-saut-tandem-tarbes-2.jpg","width":933,"height":933},{"@type":"BreadcrumbList","@id":"https:\/\/airadrenaline.fr\/en\/photos\/#breadcrumb","itemListElement":[{"@type":"ListItem","position":1,"name":"Accueil","item":"https:\/\/airadrenaline.fr\/en\/"},{"@type":"ListItem","position":2,"name":"Photos"}]},{"@type":"WebSite","@id":"https:\/\/airadrenaline.fr\/en\/#website","url":"https:\/\/airadrenaline.fr\/en\/","name":"Air Adr\u00e9naline","description":"Saut Tandem en Parachute","publisher":{"@id":"https:\/\/airadrenaline.fr\/en\/#organization"},"alternateName":"airadrenaline.fr","potentialAction":[{"@type":"SearchAction","target":{"@type":"EntryPoint","urlTemplate":"https:\/\/airadrenaline.fr\/en\/?s={search_term_string}"},"query-input":{"@type":"PropertyValueSpecification","valueRequired":true,"valueName":"search_term_string"}}],"inLanguage":"en-US"},{"@type":["Organization","Place","SportsClub"],"@id":"https:\/\/airadrenaline.fr\/en\/#organization","name":"Air Adr\u00e9naline","alternateName":"Airadrenaline","url":"https:\/\/airadrenaline.fr\/en\/","logo":{"@id":"https:\/\/airadrenaline.fr\/en\/photos\/#local-main-organization-logo"},"image":{"@id":"https:\/\/airadrenaline.fr\/en\/photos\/#local-main-organization-logo"},"sameAs":["https:\/\/www.facebook.com\/profile.php?id=100087983204837"],"description":"Centre de Parachutisme situ\u00e9 \u00e0 Tarbes, au pied des Pyr\u00e9n\u00e9es, proposant des bapt\u00eames de saut en parachute en tandem aux particuliers, professionnels, comit\u00e9s d'entreprises et associations. Centre dirig\u00e9 par un vice-champion de France de parachutisme de pr\u00e9cision, et instructeur militaire \u00e0 Pau. Diff\u00e9rentes formules possibles : saut sans option, saut avec option photos ou vid\u00e9o, saut avec option photos et vid\u00e9o. Pour toutes les occasions, les bons cadeaux pour un saut en parachute sont valables un an, et avec l'option extension, 6 mois suppl\u00e9mentaires.","legalName":"Air Adr\u00e9naline - 15 M Parachutisme","numberOfEmployees":{"@type":"QuantitativeValue","minValue":"1","maxValue":"10"},"publishingPrinciples":"https:\/\/airadrenaline.fr\/communication-preferences\/","ownershipFundingInfo":"https:\/\/airadrenaline.fr\/mentions-legales\/","actionableFeedbackPolicy":"https:\/\/airadrenaline.fr\/conditions-generales-de-vente\/","correctionsPolicy":"https:\/\/airadrenaline.fr\/communication-preferences\/","ethicsPolicy":"https:\/\/airadrenaline.fr\/politique-de-cookies-ue\/","address":{"@id":"https:\/\/airadrenaline.fr\/en\/photos\/#local-main-place-address"},"telephone":["0760212561"],"contactPoint":{"@type":"ContactPoint","telephone":"0760212561","email":"info@airadrenaline.fr"},"openingHoursSpecification":{"@type":"OpeningHoursSpecification","dayOfWeek":["Monday","Tuesday","Wednesday","Thursday","Friday","Saturday","Sunday"],"opens":"00:00","closes":"23:59"},"email":"info@airadrenaline.fr"},{"@type":"PostalAddress","@id":"https:\/\/airadrenaline.fr\/en\/photos\/#local-main-place-address","streetAddress":"21 impasse de l'Aviation","addressLocality":"TARBES","postalCode":"65310","addressCountry":"FR"},{"@type":"ImageObject","inLanguage":"en-US","@id":"https:\/\/airadrenaline.fr\/en\/photos\/#local-main-organization-logo","url":"https:\/\/airadrenaline.fr\/wp-content\/uploads\/2022\/12\/cropped-favicon-airadrenaline.png","contentUrl":"https:\/\/airadrenaline.fr\/wp-content\/uploads\/2022\/12\/cropped-favicon-airadrenaline.png","width":512,"height":512,"caption":"Air Adr\u00e9naline"}]},"geo.placename":"TARBES","geo.region":"France"},"jetpack_sharing_enabled":true,"_links":{"self":[{"href":"https:\/\/airadrenaline.fr\/en\/wp-json\/wp\/v2\/pages\/8542","targetHints":{"allow":["GET"]}}],"collection":[{"href":"https:\/\/airadrenaline.fr\/en\/wp-json\/wp\/v2\/pages"}],"about":[{"href":"https:\/\/airadrenaline.fr\/en\/wp-json\/wp\/v2\/types\/page"}],"author":[{"embeddable":true,"href":"https:\/\/airadrenaline.fr\/en\/wp-json\/wp\/v2\/users\/2"}],"replies":[{"embeddable":true,"href":"https:\/\/airadrenaline.fr\/en\/wp-json\/wp\/v2\/comments?post=8542"}],"version-history":[{"count":0,"href":"https:\/\/airadrenaline.fr\/en\/wp-json\/wp\/v2\/pages\/8542\/revisions"}],"wp:featuredmedia":[{"embeddable":true,"href":"https:\/\/airadrenaline.fr\/en\/wp-json\/wp\/v2\/media\/8514"}],"wp:attachment":[{"href":"https:\/\/airadrenaline.fr\/en\/wp-json\/wp\/v2\/media?parent=8542"}],"curies":[{"name":"wp","href":"https:\/\/api.w.org\/{rel}","templated":true}]}}