{"id":8529,"date":"2022-12-13T21:48:14","date_gmt":"2022-12-13T21:48:14","guid":{"rendered":"https:\/\/airadrenaline.fr\/legal-notice\/"},"modified":"2025-04-23T21:23:51","modified_gmt":"2025-04-23T21:23:51","slug":"legal-notice","status":"publish","type":"page","link":"https:\/\/airadrenaline.fr\/en\/legal-notice\/","title":{"rendered":"Legal Notice"},"content":{"rendered":"<p>[vc_row][vc_column width=&#8221;1\/2&#8243;][vc_column_text]<\/p>\n<h4>Publication manager :<\/h4>\n<p><img loading=\"lazy\" decoding=\"async\" class=\"size-full wp-image-6439 alignnone\" src=\"https:\/\/airadrenaline.fr\/wp-content\/uploads\/2022\/11\/logo-air-adrenaline-couleur.png\" alt=\"\" width=\"254\" height=\"76\"><\/p>\n<p>RCS Tarbes B 920 819 752<br \/>\nSIRET 92081975200014<br \/>\n60 rue de la GESPE<br \/>\n65360<br \/>\nARCIZAC-ADOUR<br \/>\nFrance<br \/>\n+33 7 60 21 25 61[\/vc_column_text]<div class=\"qodef-separator-holder clearfix  qodef-separator-left \">\n\t<div class=\"qodef-separator\" style=\"border-color: #eaeaea;border-style: solid;width: 50%;border-bottom-width: 1px;margin-top: 40px;margin-bottom: 20px\"><\/div>\n<\/div>\n[vc_column_text]<\/p>\n<h4>Conception :<\/h4>\n<p><img loading=\"lazy\" decoding=\"async\" class=\"alignnone size-full wp-image-7554\" src=\"https:\/\/airadrenaline.fr\/wp-content\/uploads\/2022\/12\/logo-typtop-dark.png\" alt=\"\" width=\"135\" height=\"100\"><\/p>\n<p>RCS Tarbes B 899 999 221<br \/>\nSIRET 89999922100018<br \/>\n1 Cami de Peyras<br \/>\n65100<br \/>\nOMEX<br \/>\nFrance<br \/>\n+33 6 51 61 24 60<\/p>\n<p><a href=\"https:\/\/typtopdesign.com\" target=\"_blank\" rel=\"noopener\">www.typtopdesign.com<\/a>[\/vc_column_text][vc_empty_space][\/vc_column][vc_column width=&#8221;1\/2&#8243;][vc_column_text]<\/p>\n<h4>Hosting:<\/h4>\n<p><img loading=\"lazy\" decoding=\"async\" class=\"wp-image-7555 size-thumbnail alignnone\" src=\"https:\/\/airadrenaline.fr\/wp-content\/uploads\/2022\/12\/logo-hostinger-150x150.png\" alt=\"\" width=\"150\" height=\"150\" srcset=\"https:\/\/airadrenaline.fr\/wp-content\/uploads\/2022\/12\/logo-hostinger-150x150.png 150w, https:\/\/airadrenaline.fr\/wp-content\/uploads\/2022\/12\/logo-hostinger-300x300.png 300w, https:\/\/airadrenaline.fr\/wp-content\/uploads\/2022\/12\/logo-hostinger-100x100.png 100w, https:\/\/airadrenaline.fr\/wp-content\/uploads\/2022\/12\/logo-hostinger.png 500w\" sizes=\"auto, (max-width: 150px) 100vw, 150px\" \/><\/p>\n<p>HOSTINGER INTERNATIONAL Ltd.<br \/>\n61 Lordou Vironos Street<br \/>\nLarnaca 6023<br \/>\nCYPRUS<br \/>\nVAT Reg # CY10301365E[\/vc_column_text]<div class=\"qodef-separator-holder clearfix  qodef-separator-left \">\n\t<div class=\"qodef-separator\" style=\"border-color: #eaeaea;border-style: solid;width: 50%;border-bottom-width: 1px;margin-top: 40px;margin-bottom: 20px\"><\/div>\n<\/div>\n[vc_column_text]<\/p>\n<h4>Copyright :<\/h4>\n<p>All photos and visuals of AIR ADR\u00c9NALINE&#8217;s website, whatever their nature, are the exclusive property of the authors. Any reproduction or representation, in whole or in part, for commercial purposes, made without the consent of the author, would be illicit and would constitute an infringement.<\/p>\n<p>The law only authorises copies or reproductions reserved for the private use of the copier and not intended for collective use, on the one hand, and on the other hand, analyses and short quotations for the purpose of example and illustration.[\/vc_column_text][\/vc_column][\/vc_row]<\/p>\n","protected":false},"excerpt":{"rendered":"<p>[vc_row][vc_column width=&#8221;1\/2&#8243;][vc_column_text] Publication manager : RCS Tarbes B 920 [&hellip;]<\/p>\n","protected":false},"author":2,"featured_media":0,"parent":0,"menu_order":0,"comment_status":"closed","ping_status":"closed","template":"","meta":{"_monsterinsights_skip_tracking":false,"_monsterinsights_sitenote_active":false,"_monsterinsights_sitenote_note":"","_monsterinsights_sitenote_category":0,"footnotes":""},"class_list":["post-8529","page","type-page","status-publish","hentry"],"yoast_head":"<!-- This site is optimized with the Yoast SEO Premium plugin v26.4 (Yoast SEO v26.4) - https:\/\/yoast.com\/wordpress\/plugins\/seo\/ -->\n<title>Legal Notice - Air Adr\u00e9naline<\/title>\n<meta name=\"robots\" content=\"index, follow, max-snippet:-1, max-image-preview:large, max-video-preview:-1\" \/>\n<link rel=\"canonical\" href=\"https:\/\/airadrenaline.fr\/en\/legal-notice\/\" \/>\n<meta property=\"og:locale\" content=\"en_US\" \/>\n<meta property=\"og:type\" content=\"article\" \/>\n<meta property=\"og:title\" content=\"Legal Notice\" \/>\n<meta property=\"og:description\" content=\"[vc_row][vc_column width=&#8221;1\/2&#8243;][vc_column_text] Publication manager : RCS Tarbes B 920 [&hellip;]\" \/>\n<meta property=\"og:url\" content=\"https:\/\/airadrenaline.fr\/en\/legal-notice\/\" \/>\n<meta property=\"og:site_name\" content=\"Air Adr\u00e9naline\" \/>\n<meta property=\"article:publisher\" content=\"https:\/\/www.facebook.com\/profile.php?id=100087983204837\" \/>\n<meta property=\"article:modified_time\" content=\"2025-04-23T21:23:51+00:00\" \/>\n<meta property=\"og:image\" content=\"https:\/\/airadrenaline.fr\/wp-content\/uploads\/2022\/11\/logo-air-adrenaline-couleur.png\" \/>\n\t<meta property=\"og:image:width\" content=\"254\" \/>\n\t<meta property=\"og:image:height\" content=\"76\" \/>\n\t<meta property=\"og:image:type\" content=\"image\/png\" \/>\n<meta name=\"twitter:card\" content=\"summary_large_image\" \/>\n<meta name=\"twitter:label1\" content=\"Est. reading time\" \/>\n\t<meta name=\"twitter:data1\" content=\"2 minutes\" \/>\n<script type=\"application\/ld+json\" class=\"yoast-schema-graph\">{\"@context\":\"https:\/\/schema.org\",\"@graph\":[{\"@type\":\"WebPage\",\"@id\":\"https:\/\/airadrenaline.fr\/en\/legal-notice\/\",\"url\":\"https:\/\/airadrenaline.fr\/en\/legal-notice\/\",\"name\":\"Legal Notice - Air Adr\u00e9naline\",\"isPartOf\":{\"@id\":\"https:\/\/airadrenaline.fr\/en\/#website\"},\"primaryImageOfPage\":{\"@id\":\"https:\/\/airadrenaline.fr\/en\/legal-notice\/#primaryimage\"},\"image\":{\"@id\":\"https:\/\/airadrenaline.fr\/en\/legal-notice\/#primaryimage\"},\"thumbnailUrl\":\"https:\/\/airadrenaline.fr\/wp-content\/uploads\/2022\/11\/logo-air-adrenaline-couleur.png\",\"datePublished\":\"2022-12-13T21:48:14+00:00\",\"dateModified\":\"2025-04-23T21:23:51+00:00\",\"breadcrumb\":{\"@id\":\"https:\/\/airadrenaline.fr\/en\/legal-notice\/#breadcrumb\"},\"inLanguage\":\"en-US\",\"potentialAction\":[{\"@type\":\"ReadAction\",\"target\":[\"https:\/\/airadrenaline.fr\/en\/legal-notice\/\"]}]},{\"@type\":\"ImageObject\",\"inLanguage\":\"en-US\",\"@id\":\"https:\/\/airadrenaline.fr\/en\/legal-notice\/#primaryimage\",\"url\":\"https:\/\/airadrenaline.fr\/wp-content\/uploads\/2022\/11\/logo-air-adrenaline-couleur.png\",\"contentUrl\":\"https:\/\/airadrenaline.fr\/wp-content\/uploads\/2022\/11\/logo-air-adrenaline-couleur.png\"},{\"@type\":\"BreadcrumbList\",\"@id\":\"https:\/\/airadrenaline.fr\/en\/legal-notice\/#breadcrumb\",\"itemListElement\":[{\"@type\":\"ListItem\",\"position\":1,\"name\":\"Accueil\",\"item\":\"https:\/\/airadrenaline.fr\/en\/\"},{\"@type\":\"ListItem\",\"position\":2,\"name\":\"Legal Notice\"}]},{\"@type\":\"WebSite\",\"@id\":\"https:\/\/airadrenaline.fr\/en\/#website\",\"url\":\"https:\/\/airadrenaline.fr\/en\/\",\"name\":\"Air Adr\u00e9naline\",\"description\":\"Saut Tandem en Parachute\",\"publisher\":{\"@id\":\"https:\/\/airadrenaline.fr\/en\/#organization\"},\"alternateName\":\"airadrenaline.fr\",\"potentialAction\":[{\"@type\":\"SearchAction\",\"target\":{\"@type\":\"EntryPoint\",\"urlTemplate\":\"https:\/\/airadrenaline.fr\/en\/?s={search_term_string}\"},\"query-input\":{\"@type\":\"PropertyValueSpecification\",\"valueRequired\":true,\"valueName\":\"search_term_string\"}}],\"inLanguage\":\"en-US\"},{\"@type\":[\"Organization\",\"Place\",\"SportsClub\"],\"@id\":\"https:\/\/airadrenaline.fr\/en\/#organization\",\"name\":\"Air Adr\u00e9naline\",\"alternateName\":\"Airadrenaline\",\"url\":\"https:\/\/airadrenaline.fr\/en\/\",\"logo\":{\"@id\":\"https:\/\/airadrenaline.fr\/en\/legal-notice\/#local-main-organization-logo\"},\"image\":{\"@id\":\"https:\/\/airadrenaline.fr\/en\/legal-notice\/#local-main-organization-logo\"},\"sameAs\":[\"https:\/\/www.facebook.com\/profile.php?id=100087983204837\"],\"description\":\"Centre de Parachutisme situ\u00e9 \u00e0 Tarbes, au pied des Pyr\u00e9n\u00e9es, proposant des bapt\u00eames de saut en parachute en tandem aux particuliers, professionnels, comit\u00e9s d'entreprises et associations. Centre dirig\u00e9 par un vice-champion de France de parachutisme de pr\u00e9cision, et instructeur militaire \u00e0 Pau. Diff\u00e9rentes formules possibles : saut sans option, saut avec option photos ou vid\u00e9o, saut avec option photos et vid\u00e9o. Pour toutes les occasions, les bons cadeaux pour un saut en parachute sont valables un an, et avec l'option extension, 6 mois suppl\u00e9mentaires.\",\"legalName\":\"Air Adr\u00e9naline - 15 M Parachutisme\",\"numberOfEmployees\":{\"@type\":\"QuantitativeValue\",\"minValue\":\"1\",\"maxValue\":\"10\"},\"publishingPrinciples\":\"https:\/\/airadrenaline.fr\/communication-preferences\/\",\"ownershipFundingInfo\":\"https:\/\/airadrenaline.fr\/mentions-legales\/\",\"actionableFeedbackPolicy\":\"https:\/\/airadrenaline.fr\/conditions-generales-de-vente\/\",\"correctionsPolicy\":\"https:\/\/airadrenaline.fr\/communication-preferences\/\",\"ethicsPolicy\":\"https:\/\/airadrenaline.fr\/politique-de-cookies-ue\/\",\"address\":{\"@id\":\"https:\/\/airadrenaline.fr\/en\/legal-notice\/#local-main-place-address\"},\"telephone\":[\"0760212561\"],\"contactPoint\":{\"@type\":\"ContactPoint\",\"telephone\":\"0760212561\",\"email\":\"info@airadrenaline.fr\"},\"openingHoursSpecification\":{\"@type\":\"OpeningHoursSpecification\",\"dayOfWeek\":[\"Monday\",\"Tuesday\",\"Wednesday\",\"Thursday\",\"Friday\",\"Saturday\",\"Sunday\"],\"opens\":\"00:00\",\"closes\":\"23:59\"},\"email\":\"info@airadrenaline.fr\"},{\"@type\":\"PostalAddress\",\"@id\":\"https:\/\/airadrenaline.fr\/en\/legal-notice\/#local-main-place-address\",\"streetAddress\":\"21 impasse de l'Aviation\",\"addressLocality\":\"TARBES\",\"postalCode\":\"65310\",\"addressCountry\":\"FR\"},{\"@type\":\"ImageObject\",\"inLanguage\":\"en-US\",\"@id\":\"https:\/\/airadrenaline.fr\/en\/legal-notice\/#local-main-organization-logo\",\"url\":\"https:\/\/airadrenaline.fr\/wp-content\/uploads\/2022\/12\/cropped-favicon-airadrenaline.png\",\"contentUrl\":\"https:\/\/airadrenaline.fr\/wp-content\/uploads\/2022\/12\/cropped-favicon-airadrenaline.png\",\"width\":512,\"height\":512,\"caption\":\"Air Adr\u00e9naline\"}]}<\/script>\n<meta name=\"geo.placename\" content=\"TARBES\" \/>\n<meta name=\"geo.region\" content=\"France\" \/>\n<!-- \/ Yoast SEO Premium plugin. -->","yoast_head_json":{"title":"Legal Notice - Air Adr\u00e9naline","robots":{"index":"index","follow":"follow","max-snippet":"max-snippet:-1","max-image-preview":"max-image-preview:large","max-video-preview":"max-video-preview:-1"},"canonical":"https:\/\/airadrenaline.fr\/en\/legal-notice\/","og_locale":"en_US","og_type":"article","og_title":"Legal Notice","og_description":"[vc_row][vc_column width=&#8221;1\/2&#8243;][vc_column_text] Publication manager : RCS Tarbes B 920 [&hellip;]","og_url":"https:\/\/airadrenaline.fr\/en\/legal-notice\/","og_site_name":"Air Adr\u00e9naline","article_publisher":"https:\/\/www.facebook.com\/profile.php?id=100087983204837","article_modified_time":"2025-04-23T21:23:51+00:00","og_image":[{"width":254,"height":76,"url":"https:\/\/airadrenaline.fr\/wp-content\/uploads\/2022\/11\/logo-air-adrenaline-couleur.png","type":"image\/png"}],"twitter_card":"summary_large_image","twitter_misc":{"Est. reading time":"2 minutes"},"schema":{"@context":"https:\/\/schema.org","@graph":[{"@type":"WebPage","@id":"https:\/\/airadrenaline.fr\/en\/legal-notice\/","url":"https:\/\/airadrenaline.fr\/en\/legal-notice\/","name":"Legal Notice - Air Adr\u00e9naline","isPartOf":{"@id":"https:\/\/airadrenaline.fr\/en\/#website"},"primaryImageOfPage":{"@id":"https:\/\/airadrenaline.fr\/en\/legal-notice\/#primaryimage"},"image":{"@id":"https:\/\/airadrenaline.fr\/en\/legal-notice\/#primaryimage"},"thumbnailUrl":"https:\/\/airadrenaline.fr\/wp-content\/uploads\/2022\/11\/logo-air-adrenaline-couleur.png","datePublished":"2022-12-13T21:48:14+00:00","dateModified":"2025-04-23T21:23:51+00:00","breadcrumb":{"@id":"https:\/\/airadrenaline.fr\/en\/legal-notice\/#breadcrumb"},"inLanguage":"en-US","potentialAction":[{"@type":"ReadAction","target":["https:\/\/airadrenaline.fr\/en\/legal-notice\/"]}]},{"@type":"ImageObject","inLanguage":"en-US","@id":"https:\/\/airadrenaline.fr\/en\/legal-notice\/#primaryimage","url":"https:\/\/airadrenaline.fr\/wp-content\/uploads\/2022\/11\/logo-air-adrenaline-couleur.png","contentUrl":"https:\/\/airadrenaline.fr\/wp-content\/uploads\/2022\/11\/logo-air-adrenaline-couleur.png"},{"@type":"BreadcrumbList","@id":"https:\/\/airadrenaline.fr\/en\/legal-notice\/#breadcrumb","itemListElement":[{"@type":"ListItem","position":1,"name":"Accueil","item":"https:\/\/airadrenaline.fr\/en\/"},{"@type":"ListItem","position":2,"name":"Legal Notice"}]},{"@type":"WebSite","@id":"https:\/\/airadrenaline.fr\/en\/#website","url":"https:\/\/airadrenaline.fr\/en\/","name":"Air Adr\u00e9naline","description":"Saut Tandem en Parachute","publisher":{"@id":"https:\/\/airadrenaline.fr\/en\/#organization"},"alternateName":"airadrenaline.fr","potentialAction":[{"@type":"SearchAction","target":{"@type":"EntryPoint","urlTemplate":"https:\/\/airadrenaline.fr\/en\/?s={search_term_string}"},"query-input":{"@type":"PropertyValueSpecification","valueRequired":true,"valueName":"search_term_string"}}],"inLanguage":"en-US"},{"@type":["Organization","Place","SportsClub"],"@id":"https:\/\/airadrenaline.fr\/en\/#organization","name":"Air Adr\u00e9naline","alternateName":"Airadrenaline","url":"https:\/\/airadrenaline.fr\/en\/","logo":{"@id":"https:\/\/airadrenaline.fr\/en\/legal-notice\/#local-main-organization-logo"},"image":{"@id":"https:\/\/airadrenaline.fr\/en\/legal-notice\/#local-main-organization-logo"},"sameAs":["https:\/\/www.facebook.com\/profile.php?id=100087983204837"],"description":"Centre de Parachutisme situ\u00e9 \u00e0 Tarbes, au pied des Pyr\u00e9n\u00e9es, proposant des bapt\u00eames de saut en parachute en tandem aux particuliers, professionnels, comit\u00e9s d'entreprises et associations. Centre dirig\u00e9 par un vice-champion de France de parachutisme de pr\u00e9cision, et instructeur militaire \u00e0 Pau. Diff\u00e9rentes formules possibles : saut sans option, saut avec option photos ou vid\u00e9o, saut avec option photos et vid\u00e9o. Pour toutes les occasions, les bons cadeaux pour un saut en parachute sont valables un an, et avec l'option extension, 6 mois suppl\u00e9mentaires.","legalName":"Air Adr\u00e9naline - 15 M Parachutisme","numberOfEmployees":{"@type":"QuantitativeValue","minValue":"1","maxValue":"10"},"publishingPrinciples":"https:\/\/airadrenaline.fr\/communication-preferences\/","ownershipFundingInfo":"https:\/\/airadrenaline.fr\/mentions-legales\/","actionableFeedbackPolicy":"https:\/\/airadrenaline.fr\/conditions-generales-de-vente\/","correctionsPolicy":"https:\/\/airadrenaline.fr\/communication-preferences\/","ethicsPolicy":"https:\/\/airadrenaline.fr\/politique-de-cookies-ue\/","address":{"@id":"https:\/\/airadrenaline.fr\/en\/legal-notice\/#local-main-place-address"},"telephone":["0760212561"],"contactPoint":{"@type":"ContactPoint","telephone":"0760212561","email":"info@airadrenaline.fr"},"openingHoursSpecification":{"@type":"OpeningHoursSpecification","dayOfWeek":["Monday","Tuesday","Wednesday","Thursday","Friday","Saturday","Sunday"],"opens":"00:00","closes":"23:59"},"email":"info@airadrenaline.fr"},{"@type":"PostalAddress","@id":"https:\/\/airadrenaline.fr\/en\/legal-notice\/#local-main-place-address","streetAddress":"21 impasse de l'Aviation","addressLocality":"TARBES","postalCode":"65310","addressCountry":"FR"},{"@type":"ImageObject","inLanguage":"en-US","@id":"https:\/\/airadrenaline.fr\/en\/legal-notice\/#local-main-organization-logo","url":"https:\/\/airadrenaline.fr\/wp-content\/uploads\/2022\/12\/cropped-favicon-airadrenaline.png","contentUrl":"https:\/\/airadrenaline.fr\/wp-content\/uploads\/2022\/12\/cropped-favicon-airadrenaline.png","width":512,"height":512,"caption":"Air Adr\u00e9naline"}]},"geo.placename":"TARBES","geo.region":"France"},"jetpack_sharing_enabled":true,"_links":{"self":[{"href":"https:\/\/airadrenaline.fr\/en\/wp-json\/wp\/v2\/pages\/8529","targetHints":{"allow":["GET"]}}],"collection":[{"href":"https:\/\/airadrenaline.fr\/en\/wp-json\/wp\/v2\/pages"}],"about":[{"href":"https:\/\/airadrenaline.fr\/en\/wp-json\/wp\/v2\/types\/page"}],"author":[{"embeddable":true,"href":"https:\/\/airadrenaline.fr\/en\/wp-json\/wp\/v2\/users\/2"}],"replies":[{"embeddable":true,"href":"https:\/\/airadrenaline.fr\/en\/wp-json\/wp\/v2\/comments?post=8529"}],"version-history":[{"count":0,"href":"https:\/\/airadrenaline.fr\/en\/wp-json\/wp\/v2\/pages\/8529\/revisions"}],"wp:attachment":[{"href":"https:\/\/airadrenaline.fr\/en\/wp-json\/wp\/v2\/media?parent=8529"}],"curies":[{"name":"wp","href":"https:\/\/api.w.org\/{rel}","templated":true}]}}