{"id":8524,"date":"2022-12-13T17:14:08","date_gmt":"2022-12-13T17:14:08","guid":{"rendered":"https:\/\/airadrenaline.fr\/shop-2\/"},"modified":"2025-04-07T14:41:59","modified_gmt":"2025-04-07T14:41:59","slug":"shop-2","status":"publish","type":"page","link":"https:\/\/airadrenaline.fr\/en\/shop-2\/","title":{"rendered":"Shop"},"content":{"rendered":"<p>[vc_row content_placement=&#8221;middle&#8221; row_content_width=&#8221;grid&#8221;][vc_column]<div class=\"qodef-section-title-holder  qodef-st-standard qodef-st-title-left qodef-st-normal-space  qodef-side-title\" >\n\t<div class=\"qodef-st-inner\">\n\t\t\t\t\t<h2 class=\"qodef-st-title\" >\n\t\t\t\tOUR OFFERS<br \/>\t\t\t<\/h2>\n\t\t\t                <h4 class=\"qodef-st-side-title\" style=\"font-size: 14px\">\n\t            Clique sur une image pour atteindre la page de l'offre.            <\/h4>\n                            <span class=\"qodef-st-title-underscore\" ><\/span>\n        \t\t\t<\/div>\n<\/div>[\/vc_column][\/vc_row][vc_row][vc_column]<div class=\"woocommerce columns-3 \"><ul class=\"products columns-3\">\n<li class=\"product type-product post-8573 status-publish first instock product_cat-skydive-jump has-post-thumbnail taxable shipping-taxable purchasable product-type-variable\">\n\t<div class=\"qodef-pl-inner\"><div class=\"qodef-pl-image\"><img loading=\"lazy\" decoding=\"async\" width=\"1200\" height=\"1200\" src=\"https:\/\/airadrenaline.fr\/wp-content\/uploads\/2023\/03\/jump-only-formula-en-1.png\" class=\"attachment-woocommerce_thumbnail size-woocommerce_thumbnail\" alt=\"Tandem Skydiving - Tarbes\" \/><div class=\"qodef-pl-text\"><div class=\"qodef-pl-text-outer\"><div class=\"qodef-pl-text-inner\"><a href=\"https:\/\/airadrenaline.fr\/en\/boutique\/parachute-tandem-jump-only\/\" aria-describedby=\"woocommerce_loop_add_to_cart_link_describedby_8573\" data-quantity=\"1\" class=\"button product_type_variable add_to_cart_button\" data-product_id=\"8573\" data-product_sku=\"saut-tandem\" aria-label=\"Select options for &ldquo;Tandem Skydiving - Tarbes&rdquo;\" rel=\"nofollow\">Select options<\/a>\t<span id=\"woocommerce_loop_add_to_cart_link_describedby_8573\" class=\"screen-reader-text\">\n\t\tThis product has multiple variants. The options may be chosen on the product page\t<\/span>\n<\/div><\/div><\/div><\/div><a href=\"https:\/\/airadrenaline.fr\/en\/boutique\/parachute-tandem-jump-only\/\" class=\"woocommerce-LoopProduct-link woocommerce-loop-product__link\"><\/a><\/div><div class=\"qodef-pl-text-wrapper\"><h6 class=\"qodef-product-list-title\"><a href=\"https:\/\/airadrenaline.fr\/en\/boutique\/parachute-tandem-jump-only\/\">Tandem Skydiving &#8211; Tarbes<\/a><\/h6>\n\t<span class=\"price\"><span class=\"woocommerce-Price-amount amount\" aria-hidden=\"true\"><bdi>60,00&nbsp;<span class=\"woocommerce-Price-currencySymbol\">&euro;<\/span><\/bdi><\/span> <span aria-hidden=\"true\">&ndash;<\/span> <span class=\"woocommerce-Price-amount amount\" aria-hidden=\"true\"><bdi>280,00&nbsp;<span class=\"woocommerce-Price-currencySymbol\">&euro;<\/span><\/bdi><\/span><span class=\"screen-reader-text\">Price range: 60,00&nbsp;&euro; through 280,00&nbsp;&euro;<\/span> <small class=\"woocommerce-price-suffix\">TTC<\/small><\/span>\n\t\t\t<span class=\"qodef-pl-category\"><a href=\"https:\/\/airadrenaline.fr\/en\/categorie-produit\/skydive-jump\/\" rel=\"tag\">Skydive Jump<\/a><\/span>\n\t\t<\/div><span class=\"gtm4wp_productdata\" style=\"display:none; visibility:hidden;\" data-gtm4wp_product_data=\"{&quot;internal_id&quot;:8573,&quot;item_id&quot;:8573,&quot;item_name&quot;:&quot;Tandem Skydiving - Tarbes&quot;,&quot;sku&quot;:&quot;saut-tandem&quot;,&quot;price&quot;:60,&quot;stocklevel&quot;:null,&quot;stockstatus&quot;:&quot;instock&quot;,&quot;google_business_vertical&quot;:&quot;retail&quot;,&quot;item_category&quot;:&quot;Skydive Jump&quot;,&quot;id&quot;:8573,&quot;productlink&quot;:&quot;https:\\\/\\\/airadrenaline.fr\\\/en\\\/boutique\\\/parachute-tandem-jump-only\\\/&quot;,&quot;item_list_name&quot;:&quot;General Product List&quot;,&quot;index&quot;:1,&quot;product_type&quot;:&quot;variable&quot;,&quot;item_brand&quot;:&quot;&quot;}\"><\/span><\/li>\n<li class=\"product type-product post-8568 status-publish instock product_cat-skydive-jump has-post-thumbnail taxable shipping-taxable purchasable product-type-variable\">\n\t<div class=\"qodef-pl-inner\"><div class=\"qodef-pl-image\"><img loading=\"lazy\" decoding=\"async\" width=\"1200\" height=\"1200\" src=\"https:\/\/airadrenaline.fr\/wp-content\/uploads\/2023\/03\/video-or-photo-formula-en.png\" class=\"attachment-woocommerce_thumbnail size-woocommerce_thumbnail\" alt=\"Tandem Skydiving - Photo or Video\" \/><div class=\"qodef-pl-text\"><div class=\"qodef-pl-text-outer\"><div class=\"qodef-pl-text-inner\"><a href=\"https:\/\/airadrenaline.fr\/en\/boutique\/parachute-tandem-jump-photo-or-video\/\" aria-describedby=\"woocommerce_loop_add_to_cart_link_describedby_8568\" data-quantity=\"1\" class=\"button product_type_variable add_to_cart_button\" data-product_id=\"8568\" data-product_sku=\"saut-tandem-1\" aria-label=\"Select options for &ldquo;Tandem Skydiving - Photo or Video&rdquo;\" rel=\"nofollow\">Select options<\/a>\t<span id=\"woocommerce_loop_add_to_cart_link_describedby_8568\" class=\"screen-reader-text\">\n\t\tThis product has multiple variants. The options may be chosen on the product page\t<\/span>\n<\/div><\/div><\/div><\/div><a href=\"https:\/\/airadrenaline.fr\/en\/boutique\/parachute-tandem-jump-photo-or-video\/\" class=\"woocommerce-LoopProduct-link woocommerce-loop-product__link\"><\/a><\/div><div class=\"qodef-pl-text-wrapper\"><h6 class=\"qodef-product-list-title\"><a href=\"https:\/\/airadrenaline.fr\/en\/boutique\/parachute-tandem-jump-photo-or-video\/\">Tandem Skydiving &#8211; Photo or Video<\/a><\/h6>\n\t<span class=\"price\"><span class=\"woocommerce-Price-amount amount\" aria-hidden=\"true\"><bdi>60,00&nbsp;<span class=\"woocommerce-Price-currencySymbol\">&euro;<\/span><\/bdi><\/span> <span aria-hidden=\"true\">&ndash;<\/span> <span class=\"woocommerce-Price-amount amount\" aria-hidden=\"true\"><bdi>360,00&nbsp;<span class=\"woocommerce-Price-currencySymbol\">&euro;<\/span><\/bdi><\/span><span class=\"screen-reader-text\">Price range: 60,00&nbsp;&euro; through 360,00&nbsp;&euro;<\/span> <small class=\"woocommerce-price-suffix\">TTC<\/small><\/span>\n\t\t\t<span class=\"qodef-pl-category\"><a href=\"https:\/\/airadrenaline.fr\/en\/categorie-produit\/skydive-jump\/\" rel=\"tag\">Skydive Jump<\/a><\/span>\n\t\t<\/div><span class=\"gtm4wp_productdata\" style=\"display:none; visibility:hidden;\" data-gtm4wp_product_data=\"{&quot;internal_id&quot;:8568,&quot;item_id&quot;:8568,&quot;item_name&quot;:&quot;Tandem Skydiving - Photo or Video&quot;,&quot;sku&quot;:&quot;saut-tandem-1&quot;,&quot;price&quot;:60,&quot;stocklevel&quot;:null,&quot;stockstatus&quot;:&quot;instock&quot;,&quot;google_business_vertical&quot;:&quot;retail&quot;,&quot;item_category&quot;:&quot;Skydive Jump&quot;,&quot;id&quot;:8568,&quot;productlink&quot;:&quot;https:\\\/\\\/airadrenaline.fr\\\/en\\\/boutique\\\/parachute-tandem-jump-photo-or-video\\\/&quot;,&quot;item_list_name&quot;:&quot;General Product List&quot;,&quot;index&quot;:2,&quot;product_type&quot;:&quot;variable&quot;,&quot;item_brand&quot;:&quot;&quot;}\"><\/span><\/li>\n<li class=\"product type-product post-8564 status-publish last instock product_cat-skydive-jump has-post-thumbnail taxable shipping-taxable purchasable product-type-variable\">\n\t<div class=\"qodef-pl-inner\"><div class=\"qodef-pl-image\"><img loading=\"lazy\" decoding=\"async\" width=\"1200\" height=\"1200\" src=\"https:\/\/airadrenaline.fr\/wp-content\/uploads\/2023\/03\/video-photo-tandem-formula-en.png\" class=\"attachment-woocommerce_thumbnail size-woocommerce_thumbnail\" alt=\"Tandem Skydiving - Photo and Video\" \/><div class=\"qodef-pl-text\"><div class=\"qodef-pl-text-outer\"><div class=\"qodef-pl-text-inner\"><a href=\"https:\/\/airadrenaline.fr\/en\/boutique\/jump-parachute-tandem-photo-and-video\/\" aria-describedby=\"woocommerce_loop_add_to_cart_link_describedby_8564\" data-quantity=\"1\" class=\"button product_type_variable add_to_cart_button\" data-product_id=\"8564\" data-product_sku=\"saut-tandem-photo-et-video\" aria-label=\"Select options for &ldquo;Tandem Skydiving - Photo and Video&rdquo;\" rel=\"nofollow\">Select options<\/a>\t<span id=\"woocommerce_loop_add_to_cart_link_describedby_8564\" class=\"screen-reader-text\">\n\t\tThis product has multiple variants. The options may be chosen on the product page\t<\/span>\n<\/div><\/div><\/div><\/div><a href=\"https:\/\/airadrenaline.fr\/en\/boutique\/jump-parachute-tandem-photo-and-video\/\" class=\"woocommerce-LoopProduct-link woocommerce-loop-product__link\"><\/a><\/div><div class=\"qodef-pl-text-wrapper\"><h6 class=\"qodef-product-list-title\"><a href=\"https:\/\/airadrenaline.fr\/en\/boutique\/jump-parachute-tandem-photo-and-video\/\">Tandem Skydiving &#8211; Photo and Video<\/a><\/h6>\n\t<span class=\"price\"><span class=\"woocommerce-Price-amount amount\" aria-hidden=\"true\"><bdi>60,00&nbsp;<span class=\"woocommerce-Price-currencySymbol\">&euro;<\/span><\/bdi><\/span> <span aria-hidden=\"true\">&ndash;<\/span> <span class=\"woocommerce-Price-amount amount\" aria-hidden=\"true\"><bdi>410,00&nbsp;<span class=\"woocommerce-Price-currencySymbol\">&euro;<\/span><\/bdi><\/span><span class=\"screen-reader-text\">Price range: 60,00&nbsp;&euro; through 410,00&nbsp;&euro;<\/span> <small class=\"woocommerce-price-suffix\">TTC<\/small><\/span>\n\t\t\t<span class=\"qodef-pl-category\"><a href=\"https:\/\/airadrenaline.fr\/en\/categorie-produit\/skydive-jump\/\" rel=\"tag\">Skydive Jump<\/a><\/span>\n\t\t<\/div><span class=\"gtm4wp_productdata\" style=\"display:none; visibility:hidden;\" data-gtm4wp_product_data=\"{&quot;internal_id&quot;:8564,&quot;item_id&quot;:8564,&quot;item_name&quot;:&quot;Tandem Skydiving - Photo and Video&quot;,&quot;sku&quot;:&quot;saut-tandem-photo-et-video&quot;,&quot;price&quot;:60,&quot;stocklevel&quot;:null,&quot;stockstatus&quot;:&quot;instock&quot;,&quot;google_business_vertical&quot;:&quot;retail&quot;,&quot;item_category&quot;:&quot;Skydive Jump&quot;,&quot;id&quot;:8564,&quot;productlink&quot;:&quot;https:\\\/\\\/airadrenaline.fr\\\/en\\\/boutique\\\/jump-parachute-tandem-photo-and-video\\\/&quot;,&quot;item_list_name&quot;:&quot;General Product List&quot;,&quot;index&quot;:3,&quot;product_type&quot;:&quot;variable&quot;,&quot;item_brand&quot;:&quot;&quot;}\"><\/span><\/li>\n<\/ul>\n<\/div>[\/vc_column][\/vc_row][vc_row][vc_column][vc_empty_space][\/vc_column][\/vc_row][vc_row content_placement=&#8221;middle&#8221; row_content_width=&#8221;grid&#8221;][vc_column]<div class=\"qodef-section-title-holder  qodef-st-standard qodef-st-title-left qodef-st-normal-space  qodef-side-title\" >\n\t<div class=\"qodef-st-inner\">\n\t\t\t\t\t<h2 class=\"qodef-st-title\" >\n\t\t\t\tSOUVENIRS OF<br \/> THE JUMP\t\t\t<\/h2>\n\t\t\t                <h4 class=\"qodef-st-side-title\" style=\"font-size: 14px\">\n\t            Clique sur une image pour atteindre la page du pack choisi.            <\/h4>\n                            <span class=\"qodef-st-title-underscore\" ><\/span>\n        \t\t\t<\/div>\n<\/div>[\/vc_column][\/vc_row][vc_row][vc_column]<div class=\"woocommerce columns-3 \"><\/div>[\/vc_column][\/vc_row][vc_row][vc_column][vc_empty_space][\/vc_column][\/vc_row][vc_row content_placement=&#8221;middle&#8221; row_content_width=&#8221;grid&#8221;][vc_column]<div class=\"qodef-section-title-holder  qodef-st-standard qodef-st-title-left qodef-st-normal-space  qodef-side-title\" >\n\t<div class=\"qodef-st-inner\">\n\t\t\t\t\t<h2 class=\"qodef-st-title\" >\n\t\t\t\tOUR OPTIONS<br \/>\t\t\t<\/h2>\n\t\t\t                <h4 class=\"qodef-st-side-title\" style=\"font-size: 14px\">\n\t            Clique sur une image pour atteindre la page de l'option.            <\/h4>\n                            <span class=\"qodef-st-title-underscore\" ><\/span>\n        \t\t\t<\/div>\n<\/div>[\/vc_column][\/vc_row][vc_row][vc_column]<div class=\"woocommerce columns-3 \"><\/div>[vc_empty_space][\/vc_column][\/vc_row]<\/p>\n","protected":false},"excerpt":{"rendered":"<p>[vc_row content_placement=&#8221;middle&#8221; row_content_width=&#8221;grid&#8221;][vc_column][\/vc_column][\/vc_row][vc_row][vc_column][\/vc_column][\/vc_row][vc_row][vc_column][vc_empty_space][\/vc_column][\/vc_row][vc_row content_placement=&#8221;middle&#8221; row_content_width=&#8221;grid&#8221;][vc_column][\/vc_column][\/vc_row][vc_row][vc_column][\/vc_column][\/vc_row][vc_row][vc_column][vc_empty_space][\/vc_column][\/vc_row][vc_row content_placement=&#8221;middle&#8221; row_content_width=&#8221;grid&#8221;][vc_column][\/vc_column][\/vc_row][vc_row][vc_column][vc_empty_space][\/vc_column][\/vc_row]<\/p>\n","protected":false},"author":2,"featured_media":0,"parent":0,"menu_order":0,"comment_status":"closed","ping_status":"closed","template":"","meta":{"_monsterinsights_skip_tracking":false,"_monsterinsights_sitenote_active":false,"_monsterinsights_sitenote_note":"","_monsterinsights_sitenote_category":0,"footnotes":""},"class_list":["post-8524","page","type-page","status-publish","hentry"],"yoast_head":"<!-- This site is optimized with the Yoast SEO Premium plugin v26.4 (Yoast SEO v26.4) - https:\/\/yoast.com\/wordpress\/plugins\/seo\/ -->\n<title>Shop - Air Adr\u00e9naline<\/title>\n<meta name=\"robots\" content=\"index, follow, max-snippet:-1, max-image-preview:large, max-video-preview:-1\" \/>\n<link rel=\"canonical\" href=\"https:\/\/airadrenaline.fr\/en\/shop-2\/\" \/>\n<meta property=\"og:locale\" content=\"en_US\" \/>\n<meta property=\"og:type\" content=\"article\" \/>\n<meta property=\"og:title\" content=\"Shop\" \/>\n<meta property=\"og:description\" content=\"[vc_row content_placement=&#8221;middle&#8221; row_content_width=&#8221;grid&#8221;][vc_column][\/vc_column][\/vc_row][vc_row][vc_column][\/vc_column][\/vc_row][vc_row][vc_column][vc_empty_space][\/vc_column][\/vc_row][vc_row content_placement=&#8221;middle&#8221; row_content_width=&#8221;grid&#8221;][vc_column][\/vc_column][\/vc_row][vc_row][vc_column][\/vc_column][\/vc_row][vc_row][vc_column][vc_empty_space][\/vc_column][\/vc_row][vc_row content_placement=&#8221;middle&#8221; row_content_width=&#8221;grid&#8221;][vc_column][\/vc_column][\/vc_row][vc_row][vc_column][vc_empty_space][\/vc_column][\/vc_row]\" \/>\n<meta property=\"og:url\" content=\"https:\/\/airadrenaline.fr\/en\/shop-2\/\" \/>\n<meta property=\"og:site_name\" content=\"Air Adr\u00e9naline\" \/>\n<meta property=\"article:publisher\" content=\"https:\/\/www.facebook.com\/profile.php?id=100087983204837\" \/>\n<meta property=\"article:modified_time\" content=\"2025-04-07T14:41:59+00:00\" \/>\n<meta property=\"og:image\" content=\"https:\/\/airadrenaline.fr\/wp-content\/uploads\/2022\/12\/image-accueil-air-adrenaline-saut-tandem-tarbes.jpg\" \/>\n\t<meta property=\"og:image:width\" content=\"1200\" \/>\n\t<meta property=\"og:image:height\" content=\"757\" \/>\n\t<meta property=\"og:image:type\" content=\"image\/jpeg\" \/>\n<meta name=\"twitter:card\" content=\"summary_large_image\" \/>\n<meta name=\"twitter:label1\" content=\"Est. reading time\" \/>\n\t<meta name=\"twitter:data1\" content=\"1 minute\" \/>\n<script type=\"application\/ld+json\" class=\"yoast-schema-graph\">{\"@context\":\"https:\/\/schema.org\",\"@graph\":[{\"@type\":\"WebPage\",\"@id\":\"https:\/\/airadrenaline.fr\/en\/shop-2\/\",\"url\":\"https:\/\/airadrenaline.fr\/en\/shop-2\/\",\"name\":\"Shop - Air Adr\u00e9naline\",\"isPartOf\":{\"@id\":\"https:\/\/airadrenaline.fr\/en\/#website\"},\"datePublished\":\"2022-12-13T17:14:08+00:00\",\"dateModified\":\"2025-04-07T14:41:59+00:00\",\"breadcrumb\":{\"@id\":\"https:\/\/airadrenaline.fr\/en\/shop-2\/#breadcrumb\"},\"inLanguage\":\"en-US\",\"potentialAction\":[{\"@type\":\"ReadAction\",\"target\":[\"https:\/\/airadrenaline.fr\/en\/shop-2\/\"]}]},{\"@type\":\"BreadcrumbList\",\"@id\":\"https:\/\/airadrenaline.fr\/en\/shop-2\/#breadcrumb\",\"itemListElement\":[{\"@type\":\"ListItem\",\"position\":1,\"name\":\"Accueil\",\"item\":\"https:\/\/airadrenaline.fr\/en\/\"},{\"@type\":\"ListItem\",\"position\":2,\"name\":\"Shop\"}]},{\"@type\":\"WebSite\",\"@id\":\"https:\/\/airadrenaline.fr\/en\/#website\",\"url\":\"https:\/\/airadrenaline.fr\/en\/\",\"name\":\"Air Adr\u00e9naline\",\"description\":\"Saut Tandem en Parachute\",\"publisher\":{\"@id\":\"https:\/\/airadrenaline.fr\/en\/#organization\"},\"alternateName\":\"airadrenaline.fr\",\"potentialAction\":[{\"@type\":\"SearchAction\",\"target\":{\"@type\":\"EntryPoint\",\"urlTemplate\":\"https:\/\/airadrenaline.fr\/en\/?s={search_term_string}\"},\"query-input\":{\"@type\":\"PropertyValueSpecification\",\"valueRequired\":true,\"valueName\":\"search_term_string\"}}],\"inLanguage\":\"en-US\"},{\"@type\":[\"Organization\",\"Place\",\"SportsClub\"],\"@id\":\"https:\/\/airadrenaline.fr\/en\/#organization\",\"name\":\"Air Adr\u00e9naline\",\"alternateName\":\"Airadrenaline\",\"url\":\"https:\/\/airadrenaline.fr\/en\/\",\"logo\":{\"@id\":\"https:\/\/airadrenaline.fr\/en\/shop-2\/#local-main-organization-logo\"},\"image\":{\"@id\":\"https:\/\/airadrenaline.fr\/en\/shop-2\/#local-main-organization-logo\"},\"sameAs\":[\"https:\/\/www.facebook.com\/profile.php?id=100087983204837\"],\"description\":\"Centre de Parachutisme situ\u00e9 \u00e0 Tarbes, au pied des Pyr\u00e9n\u00e9es, proposant des bapt\u00eames de saut en parachute en tandem aux particuliers, professionnels, comit\u00e9s d'entreprises et associations. Centre dirig\u00e9 par un vice-champion de France de parachutisme de pr\u00e9cision, et instructeur militaire \u00e0 Pau. Diff\u00e9rentes formules possibles : saut sans option, saut avec option photos ou vid\u00e9o, saut avec option photos et vid\u00e9o. Pour toutes les occasions, les bons cadeaux pour un saut en parachute sont valables un an, et avec l'option extension, 6 mois suppl\u00e9mentaires.\",\"legalName\":\"Air Adr\u00e9naline - 15 M Parachutisme\",\"numberOfEmployees\":{\"@type\":\"QuantitativeValue\",\"minValue\":\"1\",\"maxValue\":\"10\"},\"publishingPrinciples\":\"https:\/\/airadrenaline.fr\/communication-preferences\/\",\"ownershipFundingInfo\":\"https:\/\/airadrenaline.fr\/mentions-legales\/\",\"actionableFeedbackPolicy\":\"https:\/\/airadrenaline.fr\/conditions-generales-de-vente\/\",\"correctionsPolicy\":\"https:\/\/airadrenaline.fr\/communication-preferences\/\",\"ethicsPolicy\":\"https:\/\/airadrenaline.fr\/politique-de-cookies-ue\/\",\"address\":{\"@id\":\"https:\/\/airadrenaline.fr\/en\/shop-2\/#local-main-place-address\"},\"telephone\":[\"0760212561\"],\"contactPoint\":{\"@type\":\"ContactPoint\",\"telephone\":\"0760212561\",\"email\":\"info@airadrenaline.fr\"},\"openingHoursSpecification\":{\"@type\":\"OpeningHoursSpecification\",\"dayOfWeek\":[\"Monday\",\"Tuesday\",\"Wednesday\",\"Thursday\",\"Friday\",\"Saturday\",\"Sunday\"],\"opens\":\"00:00\",\"closes\":\"23:59\"},\"email\":\"info@airadrenaline.fr\"},{\"@type\":\"PostalAddress\",\"@id\":\"https:\/\/airadrenaline.fr\/en\/shop-2\/#local-main-place-address\",\"streetAddress\":\"21 impasse de l'Aviation\",\"addressLocality\":\"TARBES\",\"postalCode\":\"65310\",\"addressCountry\":\"FR\"},{\"@type\":\"ImageObject\",\"inLanguage\":\"en-US\",\"@id\":\"https:\/\/airadrenaline.fr\/en\/shop-2\/#local-main-organization-logo\",\"url\":\"https:\/\/airadrenaline.fr\/wp-content\/uploads\/2022\/12\/cropped-favicon-airadrenaline.png\",\"contentUrl\":\"https:\/\/airadrenaline.fr\/wp-content\/uploads\/2022\/12\/cropped-favicon-airadrenaline.png\",\"width\":512,\"height\":512,\"caption\":\"Air Adr\u00e9naline\"}]}<\/script>\n<meta name=\"geo.placename\" content=\"TARBES\" \/>\n<meta name=\"geo.region\" content=\"France\" \/>\n<!-- \/ Yoast SEO Premium plugin. -->","yoast_head_json":{"title":"Shop - Air Adr\u00e9naline","robots":{"index":"index","follow":"follow","max-snippet":"max-snippet:-1","max-image-preview":"max-image-preview:large","max-video-preview":"max-video-preview:-1"},"canonical":"https:\/\/airadrenaline.fr\/en\/shop-2\/","og_locale":"en_US","og_type":"article","og_title":"Shop","og_description":"[vc_row content_placement=&#8221;middle&#8221; row_content_width=&#8221;grid&#8221;][vc_column][\/vc_column][\/vc_row][vc_row][vc_column][\/vc_column][\/vc_row][vc_row][vc_column][vc_empty_space][\/vc_column][\/vc_row][vc_row content_placement=&#8221;middle&#8221; row_content_width=&#8221;grid&#8221;][vc_column][\/vc_column][\/vc_row][vc_row][vc_column][\/vc_column][\/vc_row][vc_row][vc_column][vc_empty_space][\/vc_column][\/vc_row][vc_row content_placement=&#8221;middle&#8221; row_content_width=&#8221;grid&#8221;][vc_column][\/vc_column][\/vc_row][vc_row][vc_column][vc_empty_space][\/vc_column][\/vc_row]","og_url":"https:\/\/airadrenaline.fr\/en\/shop-2\/","og_site_name":"Air Adr\u00e9naline","article_publisher":"https:\/\/www.facebook.com\/profile.php?id=100087983204837","article_modified_time":"2025-04-07T14:41:59+00:00","og_image":[{"width":1200,"height":757,"url":"https:\/\/airadrenaline.fr\/wp-content\/uploads\/2022\/12\/image-accueil-air-adrenaline-saut-tandem-tarbes.jpg","type":"image\/jpeg"}],"twitter_card":"summary_large_image","twitter_misc":{"Est. reading time":"1 minute"},"schema":{"@context":"https:\/\/schema.org","@graph":[{"@type":"WebPage","@id":"https:\/\/airadrenaline.fr\/en\/shop-2\/","url":"https:\/\/airadrenaline.fr\/en\/shop-2\/","name":"Shop - Air Adr\u00e9naline","isPartOf":{"@id":"https:\/\/airadrenaline.fr\/en\/#website"},"datePublished":"2022-12-13T17:14:08+00:00","dateModified":"2025-04-07T14:41:59+00:00","breadcrumb":{"@id":"https:\/\/airadrenaline.fr\/en\/shop-2\/#breadcrumb"},"inLanguage":"en-US","potentialAction":[{"@type":"ReadAction","target":["https:\/\/airadrenaline.fr\/en\/shop-2\/"]}]},{"@type":"BreadcrumbList","@id":"https:\/\/airadrenaline.fr\/en\/shop-2\/#breadcrumb","itemListElement":[{"@type":"ListItem","position":1,"name":"Accueil","item":"https:\/\/airadrenaline.fr\/en\/"},{"@type":"ListItem","position":2,"name":"Shop"}]},{"@type":"WebSite","@id":"https:\/\/airadrenaline.fr\/en\/#website","url":"https:\/\/airadrenaline.fr\/en\/","name":"Air Adr\u00e9naline","description":"Saut Tandem en Parachute","publisher":{"@id":"https:\/\/airadrenaline.fr\/en\/#organization"},"alternateName":"airadrenaline.fr","potentialAction":[{"@type":"SearchAction","target":{"@type":"EntryPoint","urlTemplate":"https:\/\/airadrenaline.fr\/en\/?s={search_term_string}"},"query-input":{"@type":"PropertyValueSpecification","valueRequired":true,"valueName":"search_term_string"}}],"inLanguage":"en-US"},{"@type":["Organization","Place","SportsClub"],"@id":"https:\/\/airadrenaline.fr\/en\/#organization","name":"Air Adr\u00e9naline","alternateName":"Airadrenaline","url":"https:\/\/airadrenaline.fr\/en\/","logo":{"@id":"https:\/\/airadrenaline.fr\/en\/shop-2\/#local-main-organization-logo"},"image":{"@id":"https:\/\/airadrenaline.fr\/en\/shop-2\/#local-main-organization-logo"},"sameAs":["https:\/\/www.facebook.com\/profile.php?id=100087983204837"],"description":"Centre de Parachutisme situ\u00e9 \u00e0 Tarbes, au pied des Pyr\u00e9n\u00e9es, proposant des bapt\u00eames de saut en parachute en tandem aux particuliers, professionnels, comit\u00e9s d'entreprises et associations. Centre dirig\u00e9 par un vice-champion de France de parachutisme de pr\u00e9cision, et instructeur militaire \u00e0 Pau. Diff\u00e9rentes formules possibles : saut sans option, saut avec option photos ou vid\u00e9o, saut avec option photos et vid\u00e9o. Pour toutes les occasions, les bons cadeaux pour un saut en parachute sont valables un an, et avec l'option extension, 6 mois suppl\u00e9mentaires.","legalName":"Air Adr\u00e9naline - 15 M Parachutisme","numberOfEmployees":{"@type":"QuantitativeValue","minValue":"1","maxValue":"10"},"publishingPrinciples":"https:\/\/airadrenaline.fr\/communication-preferences\/","ownershipFundingInfo":"https:\/\/airadrenaline.fr\/mentions-legales\/","actionableFeedbackPolicy":"https:\/\/airadrenaline.fr\/conditions-generales-de-vente\/","correctionsPolicy":"https:\/\/airadrenaline.fr\/communication-preferences\/","ethicsPolicy":"https:\/\/airadrenaline.fr\/politique-de-cookies-ue\/","address":{"@id":"https:\/\/airadrenaline.fr\/en\/shop-2\/#local-main-place-address"},"telephone":["0760212561"],"contactPoint":{"@type":"ContactPoint","telephone":"0760212561","email":"info@airadrenaline.fr"},"openingHoursSpecification":{"@type":"OpeningHoursSpecification","dayOfWeek":["Monday","Tuesday","Wednesday","Thursday","Friday","Saturday","Sunday"],"opens":"00:00","closes":"23:59"},"email":"info@airadrenaline.fr"},{"@type":"PostalAddress","@id":"https:\/\/airadrenaline.fr\/en\/shop-2\/#local-main-place-address","streetAddress":"21 impasse de l'Aviation","addressLocality":"TARBES","postalCode":"65310","addressCountry":"FR"},{"@type":"ImageObject","inLanguage":"en-US","@id":"https:\/\/airadrenaline.fr\/en\/shop-2\/#local-main-organization-logo","url":"https:\/\/airadrenaline.fr\/wp-content\/uploads\/2022\/12\/cropped-favicon-airadrenaline.png","contentUrl":"https:\/\/airadrenaline.fr\/wp-content\/uploads\/2022\/12\/cropped-favicon-airadrenaline.png","width":512,"height":512,"caption":"Air Adr\u00e9naline"}]},"geo.placename":"TARBES","geo.region":"France"},"jetpack_sharing_enabled":true,"_links":{"self":[{"href":"https:\/\/airadrenaline.fr\/en\/wp-json\/wp\/v2\/pages\/8524","targetHints":{"allow":["GET"]}}],"collection":[{"href":"https:\/\/airadrenaline.fr\/en\/wp-json\/wp\/v2\/pages"}],"about":[{"href":"https:\/\/airadrenaline.fr\/en\/wp-json\/wp\/v2\/types\/page"}],"author":[{"embeddable":true,"href":"https:\/\/airadrenaline.fr\/en\/wp-json\/wp\/v2\/users\/2"}],"replies":[{"embeddable":true,"href":"https:\/\/airadrenaline.fr\/en\/wp-json\/wp\/v2\/comments?post=8524"}],"version-history":[{"count":0,"href":"https:\/\/airadrenaline.fr\/en\/wp-json\/wp\/v2\/pages\/8524\/revisions"}],"wp:attachment":[{"href":"https:\/\/airadrenaline.fr\/en\/wp-json\/wp\/v2\/media?parent=8524"}],"curies":[{"name":"wp","href":"https:\/\/api.w.org\/{rel}","templated":true}]}}