{"id":7996,"date":"2023-02-17T11:29:50","date_gmt":"2023-02-17T11:29:50","guid":{"rendered":"https:\/\/airadrenaline.fr\/my-account\/"},"modified":"2023-10-19T15:23:09","modified_gmt":"2023-10-19T15:23:09","slug":"my-account","status":"publish","type":"page","link":"https:\/\/airadrenaline.fr\/en\/my-account\/","title":{"rendered":"My Account"},"content":{"rendered":"<p>[vc_row][vc_column][vc_column_text]<div class=\"woocommerce\"><\/div>[\/vc_column_text][\/vc_column][\/vc_row]<\/p>\n","protected":false},"excerpt":{"rendered":"<p>[vc_row][vc_column][vc_column_text][\/vc_column_text][\/vc_column][\/vc_row]<\/p>\n","protected":false},"author":2,"featured_media":0,"parent":0,"menu_order":0,"comment_status":"closed","ping_status":"closed","template":"","meta":{"_monsterinsights_skip_tracking":false,"_monsterinsights_sitenote_active":false,"_monsterinsights_sitenote_note":"","_monsterinsights_sitenote_category":0,"footnotes":""},"class_list":["post-7996","page","type-page","status-publish","hentry"],"yoast_head":"<!-- This site is optimized with the Yoast SEO Premium plugin v26.4 (Yoast SEO v26.4) - https:\/\/yoast.com\/wordpress\/plugins\/seo\/ -->\n<title>My Account - Air Adr\u00e9naline<\/title>\n<meta name=\"robots\" content=\"noindex, follow\" \/>\n<meta property=\"og:locale\" content=\"en_US\" \/>\n<meta property=\"og:type\" content=\"article\" \/>\n<meta property=\"og:title\" content=\"My Account\" \/>\n<meta property=\"og:description\" content=\"[vc_row][vc_column][vc_column_text][\/vc_column_text][\/vc_column][\/vc_row]\" \/>\n<meta property=\"og:url\" content=\"https:\/\/airadrenaline.fr\/en\/my-account\/\" \/>\n<meta property=\"og:site_name\" content=\"Air Adr\u00e9naline\" \/>\n<meta property=\"article:publisher\" content=\"https:\/\/www.facebook.com\/profile.php?id=100087983204837\" \/>\n<meta property=\"article:modified_time\" content=\"2023-10-19T15:23:09+00:00\" \/>\n<meta property=\"og:image\" content=\"https:\/\/airadrenaline.fr\/wp-content\/uploads\/2022\/12\/image-accueil-air-adrenaline-saut-tandem-tarbes.jpg\" \/>\n\t<meta property=\"og:image:width\" content=\"1200\" \/>\n\t<meta property=\"og:image:height\" content=\"757\" \/>\n\t<meta property=\"og:image:type\" content=\"image\/jpeg\" \/>\n<meta name=\"twitter:card\" content=\"summary_large_image\" \/>\n<meta name=\"twitter:label1\" content=\"Est. reading time\" \/>\n\t<meta name=\"twitter:data1\" content=\"1 minute\" \/>\n<script type=\"application\/ld+json\" class=\"yoast-schema-graph\">{\"@context\":\"https:\/\/schema.org\",\"@graph\":[{\"@type\":\"WebPage\",\"@id\":\"https:\/\/airadrenaline.fr\/en\/my-account\/\",\"url\":\"https:\/\/airadrenaline.fr\/en\/my-account\/\",\"name\":\"My Account - Air Adr\u00e9naline\",\"isPartOf\":{\"@id\":\"https:\/\/airadrenaline.fr\/en\/#website\"},\"datePublished\":\"2023-02-17T11:29:50+00:00\",\"dateModified\":\"2023-10-19T15:23:09+00:00\",\"breadcrumb\":{\"@id\":\"https:\/\/airadrenaline.fr\/en\/my-account\/#breadcrumb\"},\"inLanguage\":\"en-US\",\"potentialAction\":[{\"@type\":\"ReadAction\",\"target\":[\"https:\/\/airadrenaline.fr\/en\/my-account\/\"]}]},{\"@type\":\"BreadcrumbList\",\"@id\":\"https:\/\/airadrenaline.fr\/en\/my-account\/#breadcrumb\",\"itemListElement\":[{\"@type\":\"ListItem\",\"position\":1,\"name\":\"Accueil\",\"item\":\"https:\/\/airadrenaline.fr\/en\/\"},{\"@type\":\"ListItem\",\"position\":2,\"name\":\"My Account\"}]},{\"@type\":\"WebSite\",\"@id\":\"https:\/\/airadrenaline.fr\/en\/#website\",\"url\":\"https:\/\/airadrenaline.fr\/en\/\",\"name\":\"Air Adr\u00e9naline\",\"description\":\"Saut Tandem en Parachute\",\"publisher\":{\"@id\":\"https:\/\/airadrenaline.fr\/en\/#organization\"},\"alternateName\":\"airadrenaline.fr\",\"potentialAction\":[{\"@type\":\"SearchAction\",\"target\":{\"@type\":\"EntryPoint\",\"urlTemplate\":\"https:\/\/airadrenaline.fr\/en\/?s={search_term_string}\"},\"query-input\":{\"@type\":\"PropertyValueSpecification\",\"valueRequired\":true,\"valueName\":\"search_term_string\"}}],\"inLanguage\":\"en-US\"},{\"@type\":[\"Organization\",\"Place\",\"SportsClub\"],\"@id\":\"https:\/\/airadrenaline.fr\/en\/#organization\",\"name\":\"Air Adr\u00e9naline\",\"alternateName\":\"Airadrenaline\",\"url\":\"https:\/\/airadrenaline.fr\/en\/\",\"logo\":{\"@id\":\"https:\/\/airadrenaline.fr\/en\/my-account\/#local-main-organization-logo\"},\"image\":{\"@id\":\"https:\/\/airadrenaline.fr\/en\/my-account\/#local-main-organization-logo\"},\"sameAs\":[\"https:\/\/www.facebook.com\/profile.php?id=100087983204837\"],\"description\":\"Centre de Parachutisme situ\u00e9 \u00e0 Tarbes, au pied des Pyr\u00e9n\u00e9es, proposant des bapt\u00eames de saut en parachute en tandem aux particuliers, professionnels, comit\u00e9s d'entreprises et associations. Centre dirig\u00e9 par un vice-champion de France de parachutisme de pr\u00e9cision, et instructeur militaire \u00e0 Pau. Diff\u00e9rentes formules possibles : saut sans option, saut avec option photos ou vid\u00e9o, saut avec option photos et vid\u00e9o. Pour toutes les occasions, les bons cadeaux pour un saut en parachute sont valables un an, et avec l'option extension, 6 mois suppl\u00e9mentaires.\",\"legalName\":\"Air Adr\u00e9naline - 15 M Parachutisme\",\"numberOfEmployees\":{\"@type\":\"QuantitativeValue\",\"minValue\":\"1\",\"maxValue\":\"10\"},\"publishingPrinciples\":\"https:\/\/airadrenaline.fr\/communication-preferences\/\",\"ownershipFundingInfo\":\"https:\/\/airadrenaline.fr\/mentions-legales\/\",\"actionableFeedbackPolicy\":\"https:\/\/airadrenaline.fr\/conditions-generales-de-vente\/\",\"correctionsPolicy\":\"https:\/\/airadrenaline.fr\/communication-preferences\/\",\"ethicsPolicy\":\"https:\/\/airadrenaline.fr\/politique-de-cookies-ue\/\",\"address\":{\"@id\":\"https:\/\/airadrenaline.fr\/en\/my-account\/#local-main-place-address\"},\"telephone\":[\"0760212561\"],\"contactPoint\":{\"@type\":\"ContactPoint\",\"telephone\":\"0760212561\",\"email\":\"info@airadrenaline.fr\"},\"openingHoursSpecification\":{\"@type\":\"OpeningHoursSpecification\",\"dayOfWeek\":[\"Monday\",\"Tuesday\",\"Wednesday\",\"Thursday\",\"Friday\",\"Saturday\",\"Sunday\"],\"opens\":\"00:00\",\"closes\":\"23:59\"},\"email\":\"info@airadrenaline.fr\"},{\"@type\":\"PostalAddress\",\"@id\":\"https:\/\/airadrenaline.fr\/en\/my-account\/#local-main-place-address\",\"streetAddress\":\"21 impasse de l'Aviation\",\"addressLocality\":\"TARBES\",\"postalCode\":\"65310\",\"addressCountry\":\"FR\"},{\"@type\":\"ImageObject\",\"inLanguage\":\"en-US\",\"@id\":\"https:\/\/airadrenaline.fr\/en\/my-account\/#local-main-organization-logo\",\"url\":\"https:\/\/airadrenaline.fr\/wp-content\/uploads\/2022\/12\/cropped-favicon-airadrenaline.png\",\"contentUrl\":\"https:\/\/airadrenaline.fr\/wp-content\/uploads\/2022\/12\/cropped-favicon-airadrenaline.png\",\"width\":512,\"height\":512,\"caption\":\"Air Adr\u00e9naline\"}]}<\/script>\n<meta name=\"geo.placename\" content=\"TARBES\" \/>\n<meta name=\"geo.region\" content=\"France\" \/>\n<!-- \/ Yoast SEO Premium plugin. -->","yoast_head_json":{"title":"My Account - Air Adr\u00e9naline","robots":{"index":"noindex","follow":"follow"},"og_locale":"en_US","og_type":"article","og_title":"My Account","og_description":"[vc_row][vc_column][vc_column_text][\/vc_column_text][\/vc_column][\/vc_row]","og_url":"https:\/\/airadrenaline.fr\/en\/my-account\/","og_site_name":"Air Adr\u00e9naline","article_publisher":"https:\/\/www.facebook.com\/profile.php?id=100087983204837","article_modified_time":"2023-10-19T15:23:09+00:00","og_image":[{"width":1200,"height":757,"url":"https:\/\/airadrenaline.fr\/wp-content\/uploads\/2022\/12\/image-accueil-air-adrenaline-saut-tandem-tarbes.jpg","type":"image\/jpeg"}],"twitter_card":"summary_large_image","twitter_misc":{"Est. reading time":"1 minute"},"schema":{"@context":"https:\/\/schema.org","@graph":[{"@type":"WebPage","@id":"https:\/\/airadrenaline.fr\/en\/my-account\/","url":"https:\/\/airadrenaline.fr\/en\/my-account\/","name":"My Account - Air Adr\u00e9naline","isPartOf":{"@id":"https:\/\/airadrenaline.fr\/en\/#website"},"datePublished":"2023-02-17T11:29:50+00:00","dateModified":"2023-10-19T15:23:09+00:00","breadcrumb":{"@id":"https:\/\/airadrenaline.fr\/en\/my-account\/#breadcrumb"},"inLanguage":"en-US","potentialAction":[{"@type":"ReadAction","target":["https:\/\/airadrenaline.fr\/en\/my-account\/"]}]},{"@type":"BreadcrumbList","@id":"https:\/\/airadrenaline.fr\/en\/my-account\/#breadcrumb","itemListElement":[{"@type":"ListItem","position":1,"name":"Accueil","item":"https:\/\/airadrenaline.fr\/en\/"},{"@type":"ListItem","position":2,"name":"My Account"}]},{"@type":"WebSite","@id":"https:\/\/airadrenaline.fr\/en\/#website","url":"https:\/\/airadrenaline.fr\/en\/","name":"Air Adr\u00e9naline","description":"Saut Tandem en Parachute","publisher":{"@id":"https:\/\/airadrenaline.fr\/en\/#organization"},"alternateName":"airadrenaline.fr","potentialAction":[{"@type":"SearchAction","target":{"@type":"EntryPoint","urlTemplate":"https:\/\/airadrenaline.fr\/en\/?s={search_term_string}"},"query-input":{"@type":"PropertyValueSpecification","valueRequired":true,"valueName":"search_term_string"}}],"inLanguage":"en-US"},{"@type":["Organization","Place","SportsClub"],"@id":"https:\/\/airadrenaline.fr\/en\/#organization","name":"Air Adr\u00e9naline","alternateName":"Airadrenaline","url":"https:\/\/airadrenaline.fr\/en\/","logo":{"@id":"https:\/\/airadrenaline.fr\/en\/my-account\/#local-main-organization-logo"},"image":{"@id":"https:\/\/airadrenaline.fr\/en\/my-account\/#local-main-organization-logo"},"sameAs":["https:\/\/www.facebook.com\/profile.php?id=100087983204837"],"description":"Centre de Parachutisme situ\u00e9 \u00e0 Tarbes, au pied des Pyr\u00e9n\u00e9es, proposant des bapt\u00eames de saut en parachute en tandem aux particuliers, professionnels, comit\u00e9s d'entreprises et associations. Centre dirig\u00e9 par un vice-champion de France de parachutisme de pr\u00e9cision, et instructeur militaire \u00e0 Pau. Diff\u00e9rentes formules possibles : saut sans option, saut avec option photos ou vid\u00e9o, saut avec option photos et vid\u00e9o. Pour toutes les occasions, les bons cadeaux pour un saut en parachute sont valables un an, et avec l'option extension, 6 mois suppl\u00e9mentaires.","legalName":"Air Adr\u00e9naline - 15 M Parachutisme","numberOfEmployees":{"@type":"QuantitativeValue","minValue":"1","maxValue":"10"},"publishingPrinciples":"https:\/\/airadrenaline.fr\/communication-preferences\/","ownershipFundingInfo":"https:\/\/airadrenaline.fr\/mentions-legales\/","actionableFeedbackPolicy":"https:\/\/airadrenaline.fr\/conditions-generales-de-vente\/","correctionsPolicy":"https:\/\/airadrenaline.fr\/communication-preferences\/","ethicsPolicy":"https:\/\/airadrenaline.fr\/politique-de-cookies-ue\/","address":{"@id":"https:\/\/airadrenaline.fr\/en\/my-account\/#local-main-place-address"},"telephone":["0760212561"],"contactPoint":{"@type":"ContactPoint","telephone":"0760212561","email":"info@airadrenaline.fr"},"openingHoursSpecification":{"@type":"OpeningHoursSpecification","dayOfWeek":["Monday","Tuesday","Wednesday","Thursday","Friday","Saturday","Sunday"],"opens":"00:00","closes":"23:59"},"email":"info@airadrenaline.fr"},{"@type":"PostalAddress","@id":"https:\/\/airadrenaline.fr\/en\/my-account\/#local-main-place-address","streetAddress":"21 impasse de l'Aviation","addressLocality":"TARBES","postalCode":"65310","addressCountry":"FR"},{"@type":"ImageObject","inLanguage":"en-US","@id":"https:\/\/airadrenaline.fr\/en\/my-account\/#local-main-organization-logo","url":"https:\/\/airadrenaline.fr\/wp-content\/uploads\/2022\/12\/cropped-favicon-airadrenaline.png","contentUrl":"https:\/\/airadrenaline.fr\/wp-content\/uploads\/2022\/12\/cropped-favicon-airadrenaline.png","width":512,"height":512,"caption":"Air Adr\u00e9naline"}]},"geo.placename":"TARBES","geo.region":"France"},"jetpack_sharing_enabled":true,"_links":{"self":[{"href":"https:\/\/airadrenaline.fr\/en\/wp-json\/wp\/v2\/pages\/7996","targetHints":{"allow":["GET"]}}],"collection":[{"href":"https:\/\/airadrenaline.fr\/en\/wp-json\/wp\/v2\/pages"}],"about":[{"href":"https:\/\/airadrenaline.fr\/en\/wp-json\/wp\/v2\/types\/page"}],"author":[{"embeddable":true,"href":"https:\/\/airadrenaline.fr\/en\/wp-json\/wp\/v2\/users\/2"}],"replies":[{"embeddable":true,"href":"https:\/\/airadrenaline.fr\/en\/wp-json\/wp\/v2\/comments?post=7996"}],"version-history":[{"count":0,"href":"https:\/\/airadrenaline.fr\/en\/wp-json\/wp\/v2\/pages\/7996\/revisions"}],"wp:attachment":[{"href":"https:\/\/airadrenaline.fr\/en\/wp-json\/wp\/v2\/media?parent=7996"}],"curies":[{"name":"wp","href":"https:\/\/api.w.org\/{rel}","templated":true}]}}